{"id":9036,"date":"2023-07-23T14:18:14","date_gmt":"2023-07-23T14:18:14","guid":{"rendered":"https:\/\/bullet24.pro\/?post_type=product&#038;p=9036"},"modified":"2023-07-23T14:35:51","modified_gmt":"2023-07-23T14:35:51","slug":"rusan-q-r-adapter-fuer-geraete-mit-gewinde-m52x075-9","status":"publish","type":"product","link":"https:\/\/bullet24.pro\/de\/product\/rusan-q-r-adapter-fuer-geraete-mit-gewinde-m52x075-9\/","title":{"rendered":"Rusan Q-R Adapter f\u00fcr Ger\u00e4te mit Gewinde M52x0,75 &#8211; 38mm"},"content":{"rendered":"","protected":false},"excerpt":{"rendered":"<p>Rusan Q-R Adapter f\u00fcr Ger\u00e4te mit Gewinde M52x0,75 f\u00fcr Zielfernrohre mit <strong>38mm<\/strong> Objektivau\u00dfendurchmesser. Das Foto ist ein Beispiel und entspricht m\u00f6glicherweise nicht der beschriebenen Gr\u00f6\u00dfe. Bitte \u00fcberpr\u00fcfen Sie, was genau Sie brauchen, bevor Sie bestellen.<\/p>\n","protected":false},"featured_media":9004,"template":"","meta":[],"product_brand":[],"product_cat":[592,394,435],"product_tag":[],"class_list":{"0":"post-9036","1":"product","2":"type-product","3":"status-publish","4":"has-post-thumbnail","6":"product_cat-zubehoer-fuer-waermebildtechnik","7":"product_cat-optik","8":"product_cat-waermebildtechnik","10":"first","11":"onbackorder","12":"shipping-taxable","13":"purchasable","14":"product-type-simple"},"_links":{"self":[{"href":"https:\/\/bullet24.pro\/de\/wp-json\/wp\/v2\/product\/9036","targetHints":{"allow":["GET"]}}],"collection":[{"href":"https:\/\/bullet24.pro\/de\/wp-json\/wp\/v2\/product"}],"about":[{"href":"https:\/\/bullet24.pro\/de\/wp-json\/wp\/v2\/types\/product"}],"wp:featuredmedia":[{"embeddable":true,"href":"https:\/\/bullet24.pro\/de\/wp-json\/wp\/v2\/media\/9004"}],"wp:attachment":[{"href":"https:\/\/bullet24.pro\/de\/wp-json\/wp\/v2\/media?parent=9036"}],"wp:term":[{"taxonomy":"product_brand","embeddable":true,"href":"https:\/\/bullet24.pro\/de\/wp-json\/wp\/v2\/product_brand?post=9036"},{"taxonomy":"product_cat","embeddable":true,"href":"https:\/\/bullet24.pro\/de\/wp-json\/wp\/v2\/product_cat?post=9036"},{"taxonomy":"product_tag","embeddable":true,"href":"https:\/\/bullet24.pro\/de\/wp-json\/wp\/v2\/product_tag?post=9036"}],"curies":[{"name":"wp","href":"https:\/\/api.w.org\/{rel}","templated":true}]}}