{"id":9229,"date":"2023-07-24T08:07:06","date_gmt":"2023-07-24T08:07:06","guid":{"rendered":"https:\/\/bullet24.pro\/?post_type=product&#038;p=9229"},"modified":"2023-10-30T09:09:05","modified_gmt":"2023-10-30T09:09:05","slug":"rusan-q-r-adapter-fuer-geraete-mit-gewinde-m52x075-48-mm-2","status":"publish","type":"product","link":"https:\/\/bullet24.pro\/de\/product\/rusan-q-r-adapter-fuer-geraete-mit-gewinde-m52x075-48-mm-2\/","title":{"rendered":"Rusan Q-R Adapter f\u00fcr Ger\u00e4te mit Gewinde M52x0,75 &#8211; 48 mm"},"content":{"rendered":"","protected":false},"excerpt":{"rendered":"<p>Rusan Q-R Adapter f\u00fcr Ger\u00e4te mit Gewinde M52x0,75 f\u00fcr Zielfernrohre mit 48mm Objektivau\u00dfendurchmesser.<\/p>\n","protected":false},"featured_media":9221,"template":"","meta":[],"product_brand":[],"product_cat":[527],"product_tag":[],"class_list":{"0":"post-9229","1":"product","2":"type-product","3":"status-publish","4":"has-post-thumbnail","6":"product_cat-gebrauchte-produkte","8":"first","9":"instock","10":"shipping-taxable","11":"purchasable","12":"product-type-simple"},"_links":{"self":[{"href":"https:\/\/bullet24.pro\/de\/wp-json\/wp\/v2\/product\/9229","targetHints":{"allow":["GET"]}}],"collection":[{"href":"https:\/\/bullet24.pro\/de\/wp-json\/wp\/v2\/product"}],"about":[{"href":"https:\/\/bullet24.pro\/de\/wp-json\/wp\/v2\/types\/product"}],"wp:featuredmedia":[{"embeddable":true,"href":"https:\/\/bullet24.pro\/de\/wp-json\/wp\/v2\/media\/9221"}],"wp:attachment":[{"href":"https:\/\/bullet24.pro\/de\/wp-json\/wp\/v2\/media?parent=9229"}],"wp:term":[{"taxonomy":"product_brand","embeddable":true,"href":"https:\/\/bullet24.pro\/de\/wp-json\/wp\/v2\/product_brand?post=9229"},{"taxonomy":"product_cat","embeddable":true,"href":"https:\/\/bullet24.pro\/de\/wp-json\/wp\/v2\/product_cat?post=9229"},{"taxonomy":"product_tag","embeddable":true,"href":"https:\/\/bullet24.pro\/de\/wp-json\/wp\/v2\/product_tag?post=9229"}],"curies":[{"name":"wp","href":"https:\/\/api.w.org\/{rel}","templated":true}]}}