{"id":9390,"date":"2023-08-03T09:03:56","date_gmt":"2023-08-03T09:03:56","guid":{"rendered":"https:\/\/bullet24.pro\/?post_type=product&#038;p=9390"},"modified":"2024-10-09T13:06:08","modified_gmt":"2024-10-09T13:06:08","slug":"vega-holster-cordura-multi-pocket-bag","status":"publish","type":"product","link":"https:\/\/bullet24.pro\/de\/product\/vega-holster-cordura-multi-pocket-bag\/","title":{"rendered":"Vega Holster &#8211; Cordura multi-pocket bag"},"content":{"rendered":"","protected":false},"excerpt":{"rendered":"<p>Vega Holster &#8211; Cordura-Tasche mit mehreren F\u00e4chern.<br \/>\nGepolstertes Innenfach zum Schutz elektronischer Ger\u00e4te wie Laptops, mit anpassbarem und abnehmbarem Multi-Pocket-Panel.<br \/>\nGes\u00e4\u00dftasche f\u00fcr Dokumente mit Rei\u00dfverschluss und Geheimtasche auf der Vorderseite, die mit dem &#8222;velcrabile 2vs system&#8220; kompatibel ist, um eine Waffe oder anderes Zubeh\u00f6r zu tragen.<br \/>\nVerschieden gro\u00dfe Taschen auf der Vorderseite und doppelte Seitentaschen mit variablem Fassungsverm\u00f6gen f\u00fcr den Transport von Funkger\u00e4ten, Flaschen und mehr.<br \/>\nVerstellbarer Schultergurt mit rutschfestem System.<\/p>\n<p>Ma\u00dfe: H27 x B37 x T11<\/p>\n<p>Erh\u00e4ltlich in schwarz oder FDE<\/p>\n","protected":false},"featured_media":9388,"template":"","meta":[],"product_brand":[],"product_cat":[253,415],"product_tag":[],"class_list":{"0":"post-9390","1":"product","2":"type-product","3":"status-publish","4":"has-post-thumbnail","6":"product_cat-waffenzubehoer","7":"product_cat-waffentransport","9":"first","10":"instock","11":"sale","12":"shipping-taxable","13":"purchasable","14":"product-type-simple"},"_links":{"self":[{"href":"https:\/\/bullet24.pro\/de\/wp-json\/wp\/v2\/product\/9390","targetHints":{"allow":["GET"]}}],"collection":[{"href":"https:\/\/bullet24.pro\/de\/wp-json\/wp\/v2\/product"}],"about":[{"href":"https:\/\/bullet24.pro\/de\/wp-json\/wp\/v2\/types\/product"}],"wp:featuredmedia":[{"embeddable":true,"href":"https:\/\/bullet24.pro\/de\/wp-json\/wp\/v2\/media\/9388"}],"wp:attachment":[{"href":"https:\/\/bullet24.pro\/de\/wp-json\/wp\/v2\/media?parent=9390"}],"wp:term":[{"taxonomy":"product_brand","embeddable":true,"href":"https:\/\/bullet24.pro\/de\/wp-json\/wp\/v2\/product_brand?post=9390"},{"taxonomy":"product_cat","embeddable":true,"href":"https:\/\/bullet24.pro\/de\/wp-json\/wp\/v2\/product_cat?post=9390"},{"taxonomy":"product_tag","embeddable":true,"href":"https:\/\/bullet24.pro\/de\/wp-json\/wp\/v2\/product_tag?post=9390"}],"curies":[{"name":"wp","href":"https:\/\/api.w.org\/{rel}","templated":true}]}}