{"id":9509,"date":"2023-08-03T17:16:02","date_gmt":"2023-08-03T17:16:02","guid":{"rendered":"https:\/\/bullet24.pro\/?post_type=product&#038;p=9509"},"modified":"2023-08-03T17:17:39","modified_gmt":"2023-08-03T17:17:39","slug":"morakniv-companion-heavy-duty-f","status":"publish","type":"product","link":"https:\/\/bullet24.pro\/de\/product\/morakniv-companion-heavy-duty-f\/","title":{"rendered":"MORAKNIV Companion Heavy Duty F"},"content":{"rendered":"","protected":false},"excerpt":{"rendered":"<p>Das Morakniv Companion Heavy Duty F Carbon ist eines der schwereren feststehenden Messer aus der bekannten Companion-Serie. Dies ist an der dickeren Klinge und dem gr\u00f6\u00dferen Griff zu erkennen. Die Schneide ist Scandi geschliffen; dieser Schliff erfolgt in einem gr\u00f6\u00dferen Winkel, wodurch die Schneide l\u00e4nger scharf bleibt.<\/p>\n","protected":false},"featured_media":9507,"template":"","meta":[],"product_brand":[],"product_cat":[396,463],"product_tag":[],"class_list":{"0":"post-9509","1":"product","2":"type-product","3":"status-publish","4":"has-post-thumbnail","6":"product_cat-messer","7":"product_cat-messer-mit-fester-klinge","9":"first","10":"instock","11":"shipping-taxable","12":"purchasable","13":"product-type-simple"},"_links":{"self":[{"href":"https:\/\/bullet24.pro\/de\/wp-json\/wp\/v2\/product\/9509","targetHints":{"allow":["GET"]}}],"collection":[{"href":"https:\/\/bullet24.pro\/de\/wp-json\/wp\/v2\/product"}],"about":[{"href":"https:\/\/bullet24.pro\/de\/wp-json\/wp\/v2\/types\/product"}],"wp:featuredmedia":[{"embeddable":true,"href":"https:\/\/bullet24.pro\/de\/wp-json\/wp\/v2\/media\/9507"}],"wp:attachment":[{"href":"https:\/\/bullet24.pro\/de\/wp-json\/wp\/v2\/media?parent=9509"}],"wp:term":[{"taxonomy":"product_brand","embeddable":true,"href":"https:\/\/bullet24.pro\/de\/wp-json\/wp\/v2\/product_brand?post=9509"},{"taxonomy":"product_cat","embeddable":true,"href":"https:\/\/bullet24.pro\/de\/wp-json\/wp\/v2\/product_cat?post=9509"},{"taxonomy":"product_tag","embeddable":true,"href":"https:\/\/bullet24.pro\/de\/wp-json\/wp\/v2\/product_tag?post=9509"}],"curies":[{"name":"wp","href":"https:\/\/api.w.org\/{rel}","templated":true}]}}