{"id":9662,"date":"2023-08-09T13:55:53","date_gmt":"2023-08-09T13:55:53","guid":{"rendered":"https:\/\/bullet24.pro\/?post_type=product&#038;p=9662"},"modified":"2023-08-09T13:57:14","modified_gmt":"2023-08-09T13:57:14","slug":"zeiss-objektivschutz-fuer-56mm-fernglaeser","status":"publish","type":"product","link":"https:\/\/bullet24.pro\/de\/product\/zeiss-objektivschutz-fuer-56mm-fernglaeser\/","title":{"rendered":"ZEISS Objektivschutz f\u00fcr 56mm Ferngl\u00e4ser"},"content":{"rendered":"","protected":false},"excerpt":{"rendered":"<p>ZEISS Objektivschutz f\u00fcr 56mm Ferngl\u00e4ser<\/p>\n","protected":false},"featured_media":9657,"template":"","meta":[],"product_brand":[],"product_cat":[394,433],"product_tag":[],"class_list":{"0":"post-9662","1":"product","2":"type-product","3":"status-publish","4":"has-post-thumbnail","6":"product_cat-optik","7":"product_cat-zubehoer","9":"first","10":"instock","11":"shipping-taxable","12":"purchasable","13":"product-type-simple"},"_links":{"self":[{"href":"https:\/\/bullet24.pro\/de\/wp-json\/wp\/v2\/product\/9662","targetHints":{"allow":["GET"]}}],"collection":[{"href":"https:\/\/bullet24.pro\/de\/wp-json\/wp\/v2\/product"}],"about":[{"href":"https:\/\/bullet24.pro\/de\/wp-json\/wp\/v2\/types\/product"}],"wp:featuredmedia":[{"embeddable":true,"href":"https:\/\/bullet24.pro\/de\/wp-json\/wp\/v2\/media\/9657"}],"wp:attachment":[{"href":"https:\/\/bullet24.pro\/de\/wp-json\/wp\/v2\/media?parent=9662"}],"wp:term":[{"taxonomy":"product_brand","embeddable":true,"href":"https:\/\/bullet24.pro\/de\/wp-json\/wp\/v2\/product_brand?post=9662"},{"taxonomy":"product_cat","embeddable":true,"href":"https:\/\/bullet24.pro\/de\/wp-json\/wp\/v2\/product_cat?post=9662"},{"taxonomy":"product_tag","embeddable":true,"href":"https:\/\/bullet24.pro\/de\/wp-json\/wp\/v2\/product_tag?post=9662"}],"curies":[{"name":"wp","href":"https:\/\/api.w.org\/{rel}","templated":true}]}}