{"id":9668,"date":"2023-08-09T14:08:04","date_gmt":"2023-08-09T14:08:04","guid":{"rendered":"https:\/\/bullet24.pro\/?post_type=product&#038;p=9668"},"modified":"2023-08-09T14:09:52","modified_gmt":"2023-08-09T14:09:52","slug":"vfg-501-schnellreinigungspellets","status":"publish","type":"product","link":"https:\/\/bullet24.pro\/de\/product\/vfg-501-schnellreinigungspellets\/","title":{"rendered":"VFG 501 Schnellreinigungspellets"},"content":{"rendered":"","protected":false},"excerpt":{"rendered":"<p>VFG 501 Schnellreinigungskugeln, .177 \/ 4,5 mm. Einfach den Filz durch den Lauf schie\u00dfen (ohne Putzstock). Kann leicht mit Waffen\u00f6l getr\u00e4nkt werden.<\/p>\n","protected":false},"featured_media":9666,"template":"","meta":[],"product_brand":[],"product_cat":[244,445],"product_tag":[],"class_list":{"0":"post-9668","1":"product","2":"type-product","3":"status-publish","4":"has-post-thumbnail","6":"product_cat-reinigung-und-pflege","7":"product_cat-verbrauchsmaterial","9":"first","10":"instock","11":"shipping-taxable","12":"purchasable","13":"product-type-simple"},"_links":{"self":[{"href":"https:\/\/bullet24.pro\/de\/wp-json\/wp\/v2\/product\/9668","targetHints":{"allow":["GET"]}}],"collection":[{"href":"https:\/\/bullet24.pro\/de\/wp-json\/wp\/v2\/product"}],"about":[{"href":"https:\/\/bullet24.pro\/de\/wp-json\/wp\/v2\/types\/product"}],"wp:featuredmedia":[{"embeddable":true,"href":"https:\/\/bullet24.pro\/de\/wp-json\/wp\/v2\/media\/9666"}],"wp:attachment":[{"href":"https:\/\/bullet24.pro\/de\/wp-json\/wp\/v2\/media?parent=9668"}],"wp:term":[{"taxonomy":"product_brand","embeddable":true,"href":"https:\/\/bullet24.pro\/de\/wp-json\/wp\/v2\/product_brand?post=9668"},{"taxonomy":"product_cat","embeddable":true,"href":"https:\/\/bullet24.pro\/de\/wp-json\/wp\/v2\/product_cat?post=9668"},{"taxonomy":"product_tag","embeddable":true,"href":"https:\/\/bullet24.pro\/de\/wp-json\/wp\/v2\/product_tag?post=9668"}],"curies":[{"name":"wp","href":"https:\/\/api.w.org\/{rel}","templated":true}]}}