{"id":9674,"date":"2023-08-09T14:22:55","date_gmt":"2023-08-09T14:22:55","guid":{"rendered":"https:\/\/bullet24.pro\/?post_type=product&#038;p=9674"},"modified":"2023-08-09T15:11:54","modified_gmt":"2023-08-09T15:11:54","slug":"vfg-600-laufreiniger-fuer-buechsen-kal-93mm","status":"publish","type":"product","link":"https:\/\/bullet24.pro\/de\/product\/vfg-600-laufreiniger-fuer-buechsen-kal-93mm\/","title":{"rendered":"VFG 600 Laufreiniger f\u00fcr B\u00fcchsen Kal. 9,3mm"},"content":{"rendered":"","protected":false},"excerpt":{"rendered":"<p>VFG 600 Laufreiniger f\u00fcr B\u00fcchsen Kal. 9,3mm<\/p>\n","protected":false},"featured_media":9672,"template":"","meta":[],"product_brand":[],"product_cat":[244,445],"product_tag":[],"class_list":{"0":"post-9674","1":"product","2":"type-product","3":"status-publish","4":"has-post-thumbnail","6":"product_cat-reinigung-und-pflege","7":"product_cat-verbrauchsmaterial","9":"first","10":"instock","11":"shipping-taxable","12":"purchasable","13":"product-type-simple"},"_links":{"self":[{"href":"https:\/\/bullet24.pro\/de\/wp-json\/wp\/v2\/product\/9674","targetHints":{"allow":["GET"]}}],"collection":[{"href":"https:\/\/bullet24.pro\/de\/wp-json\/wp\/v2\/product"}],"about":[{"href":"https:\/\/bullet24.pro\/de\/wp-json\/wp\/v2\/types\/product"}],"wp:featuredmedia":[{"embeddable":true,"href":"https:\/\/bullet24.pro\/de\/wp-json\/wp\/v2\/media\/9672"}],"wp:attachment":[{"href":"https:\/\/bullet24.pro\/de\/wp-json\/wp\/v2\/media?parent=9674"}],"wp:term":[{"taxonomy":"product_brand","embeddable":true,"href":"https:\/\/bullet24.pro\/de\/wp-json\/wp\/v2\/product_brand?post=9674"},{"taxonomy":"product_cat","embeddable":true,"href":"https:\/\/bullet24.pro\/de\/wp-json\/wp\/v2\/product_cat?post=9674"},{"taxonomy":"product_tag","embeddable":true,"href":"https:\/\/bullet24.pro\/de\/wp-json\/wp\/v2\/product_tag?post=9674"}],"curies":[{"name":"wp","href":"https:\/\/api.w.org\/{rel}","templated":true}]}}