{"id":9766,"date":"2023-08-12T13:27:42","date_gmt":"2023-08-12T13:27:42","guid":{"rendered":"https:\/\/bullet24.pro\/?post_type=product&#038;p=9766"},"modified":"2023-08-12T13:29:10","modified_gmt":"2023-08-12T13:29:10","slug":"red-rock-cobra-big-transparent","status":"publish","type":"product","link":"https:\/\/bullet24.pro\/de\/product\/red-rock-cobra-big-transparent\/","title":{"rendered":"RED ROCK Cobra Big Transparent"},"content":{"rendered":"","protected":false},"excerpt":{"rendered":"<p>Dieses Modell eignet sich besonders f\u00fcr sportliche Aktivit\u00e4ten in der D\u00e4mmerung und nachts. 2 Versionen, Sie erhalten die in der Artikelbezeichnung aufgef\u00fchrte Gr\u00f6sse. <strong>Swiss made &#8211; wir setzen auf beste Schweizer Qualit\u00e4t.<\/strong> Daher bestehen unsere Brillen zu 100 % aus Polycarbonat, einem Material, das \u00fcber ausgezeichnete optische Eigenschaften verf\u00fcgt und \u00e4usserst bruchfest ist. 100 Prozent UV-Schutz- die Brille sch\u00fctzt die Augen mit UV400 optimal, selbst bei starker Sonneneinstrahlung. \u200bOptimiertes aerodynamisches Design- das durchdachte Design der Brille l\u00e4sst keinen Wind durch \u2013 egal, ob auf dem Motorrad, Velo, Gokart, Ski oder Hundeschlitten, die Red Rock Cobra h\u00e4lt den Fahrtwind vom Gesicht fern. Perfekter Sitz- die dynamisch geformten B\u00fcgel passen sich flexibel an die Kopfform an, sodass die Brille ideal sitzt, auch unterm Helm. \u200bUltraleicht &#8211; mit einem Gewicht von nur 22 g.<\/p>\n","protected":false},"featured_media":9761,"template":"","meta":[],"product_brand":[],"product_cat":[247,400],"product_tag":[],"class_list":{"0":"post-9766","1":"product","2":"type-product","3":"status-publish","4":"has-post-thumbnail","6":"product_cat-schiesssportzubehor","7":"product_cat-brillen","9":"first","10":"instock","11":"sale","12":"shipping-taxable","13":"purchasable","14":"product-type-simple"},"_links":{"self":[{"href":"https:\/\/bullet24.pro\/de\/wp-json\/wp\/v2\/product\/9766","targetHints":{"allow":["GET"]}}],"collection":[{"href":"https:\/\/bullet24.pro\/de\/wp-json\/wp\/v2\/product"}],"about":[{"href":"https:\/\/bullet24.pro\/de\/wp-json\/wp\/v2\/types\/product"}],"wp:featuredmedia":[{"embeddable":true,"href":"https:\/\/bullet24.pro\/de\/wp-json\/wp\/v2\/media\/9761"}],"wp:attachment":[{"href":"https:\/\/bullet24.pro\/de\/wp-json\/wp\/v2\/media?parent=9766"}],"wp:term":[{"taxonomy":"product_brand","embeddable":true,"href":"https:\/\/bullet24.pro\/de\/wp-json\/wp\/v2\/product_brand?post=9766"},{"taxonomy":"product_cat","embeddable":true,"href":"https:\/\/bullet24.pro\/de\/wp-json\/wp\/v2\/product_cat?post=9766"},{"taxonomy":"product_tag","embeddable":true,"href":"https:\/\/bullet24.pro\/de\/wp-json\/wp\/v2\/product_tag?post=9766"}],"curies":[{"name":"wp","href":"https:\/\/api.w.org\/{rel}","templated":true}]}}