{"id":9845,"date":"2023-08-12T15:05:38","date_gmt":"2023-08-12T15:05:38","guid":{"rendered":"https:\/\/bullet24.pro\/?post_type=product&#038;p=9845"},"modified":"2023-08-12T15:06:47","modified_gmt":"2023-08-12T15:06:47","slug":"ballistol-schnellbruenierung","status":"publish","type":"product","link":"https:\/\/bullet24.pro\/de\/product\/ballistol-schnellbruenierung\/","title":{"rendered":"BALLISTOL Schnellbr\u00fcnierung"},"content":{"rendered":"","protected":false},"excerpt":{"rendered":"<p>Die n\u00fctzliche Neuheit sowohl f\u00fcr Experten als auch f\u00fcr Amateure. Verfallene Waffen werden wieder wie neu. M\u00fchsame Tauch- und Beizvorg\u00e4nge geh\u00f6ren der Vergangenheit an. Schnellbr\u00fcnierung spart Zeit und Geld! So wird vorgegangen: Die Waffe muss sorgf\u00e4ltig entfettet werden (z.B. mit Robla Kaltentfetter). Dann Schnellbr\u00fcnierung mit einer Pipette oder einem Pinsel auf die zu br\u00fcnierenden Teile auftragen (Achtung: Schnellbr\u00fcnierung wirkt nicht auf Stahl mit mehr als 3% Chrom). Etwa 3 Minuten einwirken lassen, bis sich ein gelblich-wei\u00dfer Belag bildet. Dann mit Wasser abwaschen, mit einem weichen Tuch abtupfen und mit BALLISTOL oder Gunex-2000 bespr\u00fchen. Einfacher, schneller und g\u00fcnstiger geht&#8217;s nicht, oder? Die Schnellbr\u00fcnierung garantiert eine dauerhafte und verschlei\u00dffeste Br\u00e4unung.<\/p>\n","protected":false},"featured_media":9843,"template":"","meta":[],"product_brand":[],"product_cat":[244,447],"product_tag":[],"class_list":{"0":"post-9845","1":"product","2":"type-product","3":"status-publish","4":"has-post-thumbnail","6":"product_cat-reinigung-und-pflege","7":"product_cat-schnellbruenierung","9":"first","10":"instock","11":"shipping-taxable","12":"purchasable","13":"product-type-simple"},"_links":{"self":[{"href":"https:\/\/bullet24.pro\/de\/wp-json\/wp\/v2\/product\/9845","targetHints":{"allow":["GET"]}}],"collection":[{"href":"https:\/\/bullet24.pro\/de\/wp-json\/wp\/v2\/product"}],"about":[{"href":"https:\/\/bullet24.pro\/de\/wp-json\/wp\/v2\/types\/product"}],"wp:featuredmedia":[{"embeddable":true,"href":"https:\/\/bullet24.pro\/de\/wp-json\/wp\/v2\/media\/9843"}],"wp:attachment":[{"href":"https:\/\/bullet24.pro\/de\/wp-json\/wp\/v2\/media?parent=9845"}],"wp:term":[{"taxonomy":"product_brand","embeddable":true,"href":"https:\/\/bullet24.pro\/de\/wp-json\/wp\/v2\/product_brand?post=9845"},{"taxonomy":"product_cat","embeddable":true,"href":"https:\/\/bullet24.pro\/de\/wp-json\/wp\/v2\/product_cat?post=9845"},{"taxonomy":"product_tag","embeddable":true,"href":"https:\/\/bullet24.pro\/de\/wp-json\/wp\/v2\/product_tag?post=9845"}],"curies":[{"name":"wp","href":"https:\/\/api.w.org\/{rel}","templated":true}]}}