{"id":9902,"date":"2023-08-12T15:42:42","date_gmt":"2023-08-12T15:42:42","guid":{"rendered":"https:\/\/bullet24.pro\/?post_type=product&#038;p=9902"},"modified":"2023-08-12T15:44:08","modified_gmt":"2023-08-12T15:44:08","slug":"schrade-linerlock-folding-pocket-knife-g10-sch205","status":"publish","type":"product","link":"https:\/\/bullet24.pro\/de\/product\/schrade-linerlock-folding-pocket-knife-g10-sch205\/","title":{"rendered":"SCHRADE Linerlock Folding Pocket Knife G10 SCH205"},"content":{"rendered":"","protected":false},"excerpt":{"rendered":"<p>Typische Schrade gro\u00dfen Wert f\u00fcr Geld, gut gebaut und vielseitig! Es hat jimping auf der Wirbels\u00e4ule direkt hinter dem Daumen Nieten und eine sch\u00f6ne choil, damit Sie zu w\u00fcrgen auf der Klinge.<\/p>\n<p>Dieser linerlock ist 4.75\u2033 (120.5mm) geschlossen und hat eine 3.75\u2033 (95mm) schwarz finish 9Cr14MoV rostfreie drop point Klinge.<\/p>\n","protected":false},"featured_media":9894,"template":"","meta":[],"product_brand":[],"product_cat":[396,464,465],"product_tag":[],"class_list":{"0":"post-9902","1":"product","2":"type-product","3":"status-publish","4":"has-post-thumbnail","6":"product_cat-messer","7":"product_cat-klappmesser","8":"product_cat-zweihaendige-oeffnung","10":"first","11":"instock","12":"shipping-taxable","13":"purchasable","14":"product-type-simple"},"_links":{"self":[{"href":"https:\/\/bullet24.pro\/de\/wp-json\/wp\/v2\/product\/9902","targetHints":{"allow":["GET"]}}],"collection":[{"href":"https:\/\/bullet24.pro\/de\/wp-json\/wp\/v2\/product"}],"about":[{"href":"https:\/\/bullet24.pro\/de\/wp-json\/wp\/v2\/types\/product"}],"wp:featuredmedia":[{"embeddable":true,"href":"https:\/\/bullet24.pro\/de\/wp-json\/wp\/v2\/media\/9894"}],"wp:attachment":[{"href":"https:\/\/bullet24.pro\/de\/wp-json\/wp\/v2\/media?parent=9902"}],"wp:term":[{"taxonomy":"product_brand","embeddable":true,"href":"https:\/\/bullet24.pro\/de\/wp-json\/wp\/v2\/product_brand?post=9902"},{"taxonomy":"product_cat","embeddable":true,"href":"https:\/\/bullet24.pro\/de\/wp-json\/wp\/v2\/product_cat?post=9902"},{"taxonomy":"product_tag","embeddable":true,"href":"https:\/\/bullet24.pro\/de\/wp-json\/wp\/v2\/product_tag?post=9902"}],"curies":[{"name":"wp","href":"https:\/\/api.w.org\/{rel}","templated":true}]}}