{"id":9942,"date":"2023-08-12T16:46:01","date_gmt":"2023-08-12T16:46:01","guid":{"rendered":"https:\/\/bullet24.pro\/?post_type=product&#038;p=9942"},"modified":"2023-08-12T16:47:29","modified_gmt":"2023-08-12T16:47:29","slug":"truglo-ersatzfaser","status":"publish","type":"product","link":"https:\/\/bullet24.pro\/de\/product\/truglo-ersatzfaser\/","title":{"rendered":"TRUGLO Ersatzfaser"},"content":{"rendered":"","protected":false},"excerpt":{"rendered":"<p>Ersatz-Glasfasermaterial f\u00fcr Schusswaffen- und Bogenschie\u00dfvisiere. Effiziente Licht\u00fcbertragung und leuchtende Farben. Durchmesser 2.5mm, L\u00e4nge 139.7mm (5.5 in.)<\/p>\n","protected":false},"featured_media":9940,"template":"","meta":[],"product_brand":[],"product_cat":[253,421],"product_tag":[],"class_list":{"0":"post-9942","1":"product","2":"type-product","3":"status-publish","4":"has-post-thumbnail","6":"product_cat-waffenzubehoer","7":"product_cat-langwaffen","9":"first","10":"instock","11":"shipping-taxable","12":"purchasable","13":"product-type-simple"},"_links":{"self":[{"href":"https:\/\/bullet24.pro\/de\/wp-json\/wp\/v2\/product\/9942","targetHints":{"allow":["GET"]}}],"collection":[{"href":"https:\/\/bullet24.pro\/de\/wp-json\/wp\/v2\/product"}],"about":[{"href":"https:\/\/bullet24.pro\/de\/wp-json\/wp\/v2\/types\/product"}],"wp:featuredmedia":[{"embeddable":true,"href":"https:\/\/bullet24.pro\/de\/wp-json\/wp\/v2\/media\/9940"}],"wp:attachment":[{"href":"https:\/\/bullet24.pro\/de\/wp-json\/wp\/v2\/media?parent=9942"}],"wp:term":[{"taxonomy":"product_brand","embeddable":true,"href":"https:\/\/bullet24.pro\/de\/wp-json\/wp\/v2\/product_brand?post=9942"},{"taxonomy":"product_cat","embeddable":true,"href":"https:\/\/bullet24.pro\/de\/wp-json\/wp\/v2\/product_cat?post=9942"},{"taxonomy":"product_tag","embeddable":true,"href":"https:\/\/bullet24.pro\/de\/wp-json\/wp\/v2\/product_tag?post=9942"}],"curies":[{"name":"wp","href":"https:\/\/api.w.org\/{rel}","templated":true}]}}