{"id":9948,"date":"2023-08-12T17:21:56","date_gmt":"2023-08-12T17:21:56","guid":{"rendered":"https:\/\/bullet24.pro\/?post_type=product&#038;p=9948"},"modified":"2023-08-12T17:24:19","modified_gmt":"2023-08-12T17:24:19","slug":"vintage-kershaw-kai-blade-trader-japanese-6-blade-knife-set-with-case","status":"publish","type":"product","link":"https:\/\/bullet24.pro\/de\/product\/vintage-kershaw-kai-blade-trader-japanese-6-blade-knife-set-with-case\/","title":{"rendered":"Vintage KERSHAW KAI BLADE TRADER Japanese 6 Blade Knife Set with Case"},"content":{"rendered":"","protected":false},"excerpt":{"rendered":"<p>Neue und ungebrauchte seltene Vintage Kershaw Kai 1099 6 Blade Knife Set in Originalverpackung und Fall neuwertig. Interchangable Klingen einschlie\u00dflich Carving, Filetieren, Brot Camping etc. Cocobolo Hartholz Griff mit soliden Verriegelung zu halten jede Klinge fest in Position. Hergestellt in Japan von KAI f\u00fcr Kershaw. Dieses Messerset verf\u00fcgt \u00fcber sechs verschiedene Klingen, die mit Leichtigkeit ausgetauscht werden k\u00f6nnen. Ideal f\u00fcr die Jagd, Angeln und Camping, und um die K\u00fcche und es alle Rei\u00dfverschl\u00fcsse in einem sch\u00f6nen engen Paket f\u00fcr einfache Lagerung.<\/p>\n","protected":false},"featured_media":9946,"template":"","meta":[],"product_brand":[],"product_cat":[396,463],"product_tag":[],"class_list":{"0":"post-9948","1":"product","2":"type-product","3":"status-publish","4":"has-post-thumbnail","6":"product_cat-messer","7":"product_cat-messer-mit-fester-klinge","9":"first","10":"instock","11":"sale","12":"shipping-taxable","13":"purchasable","14":"product-type-simple"},"_links":{"self":[{"href":"https:\/\/bullet24.pro\/de\/wp-json\/wp\/v2\/product\/9948","targetHints":{"allow":["GET"]}}],"collection":[{"href":"https:\/\/bullet24.pro\/de\/wp-json\/wp\/v2\/product"}],"about":[{"href":"https:\/\/bullet24.pro\/de\/wp-json\/wp\/v2\/types\/product"}],"wp:featuredmedia":[{"embeddable":true,"href":"https:\/\/bullet24.pro\/de\/wp-json\/wp\/v2\/media\/9946"}],"wp:attachment":[{"href":"https:\/\/bullet24.pro\/de\/wp-json\/wp\/v2\/media?parent=9948"}],"wp:term":[{"taxonomy":"product_brand","embeddable":true,"href":"https:\/\/bullet24.pro\/de\/wp-json\/wp\/v2\/product_brand?post=9948"},{"taxonomy":"product_cat","embeddable":true,"href":"https:\/\/bullet24.pro\/de\/wp-json\/wp\/v2\/product_cat?post=9948"},{"taxonomy":"product_tag","embeddable":true,"href":"https:\/\/bullet24.pro\/de\/wp-json\/wp\/v2\/product_tag?post=9948"}],"curies":[{"name":"wp","href":"https:\/\/api.w.org\/{rel}","templated":true}]}}