{"id":9988,"date":"2023-08-16T16:51:21","date_gmt":"2023-08-16T16:51:21","guid":{"rendered":"https:\/\/bullet24.pro\/?post_type=product&#038;p=9988"},"modified":"2025-01-04T08:42:31","modified_gmt":"2025-01-04T08:42:31","slug":"fabarm-professional-huelsenhalter-4-rounds-12-ga","status":"publish","type":"product","link":"https:\/\/bullet24.pro\/de\/product\/fabarm-professional-huelsenhalter-4-rounds-12-ga\/","title":{"rendered":"FABARM PROFESSIONAL H\u00fclsenhalter 4 Rounds 12 GA"},"content":{"rendered":"","protected":false},"excerpt":{"rendered":"<p>H\u00fclsenhalter 4 Rounds 12 GA, f\u00fcr STF\/12 mit Riemenb\u00fcgel auf 9&#8242; Uhr Position<\/p>\n","protected":false},"featured_media":9983,"template":"","meta":[],"product_brand":[],"product_cat":[253,421,547],"product_tag":[],"class_list":{"0":"post-9988","1":"product","2":"type-product","3":"status-publish","4":"has-post-thumbnail","6":"product_cat-waffenzubehoer","7":"product_cat-langwaffen","8":"product_cat-buechsenmagazine","10":"first","11":"instock","12":"shipping-taxable","13":"purchasable","14":"product-type-simple"},"_links":{"self":[{"href":"https:\/\/bullet24.pro\/de\/wp-json\/wp\/v2\/product\/9988","targetHints":{"allow":["GET"]}}],"collection":[{"href":"https:\/\/bullet24.pro\/de\/wp-json\/wp\/v2\/product"}],"about":[{"href":"https:\/\/bullet24.pro\/de\/wp-json\/wp\/v2\/types\/product"}],"wp:featuredmedia":[{"embeddable":true,"href":"https:\/\/bullet24.pro\/de\/wp-json\/wp\/v2\/media\/9983"}],"wp:attachment":[{"href":"https:\/\/bullet24.pro\/de\/wp-json\/wp\/v2\/media?parent=9988"}],"wp:term":[{"taxonomy":"product_brand","embeddable":true,"href":"https:\/\/bullet24.pro\/de\/wp-json\/wp\/v2\/product_brand?post=9988"},{"taxonomy":"product_cat","embeddable":true,"href":"https:\/\/bullet24.pro\/de\/wp-json\/wp\/v2\/product_cat?post=9988"},{"taxonomy":"product_tag","embeddable":true,"href":"https:\/\/bullet24.pro\/de\/wp-json\/wp\/v2\/product_tag?post=9988"}],"curies":[{"name":"wp","href":"https:\/\/api.w.org\/{rel}","templated":true}]}}