{"id":2671,"date":"2022-12-07T16:21:33","date_gmt":"2022-12-07T16:21:33","guid":{"rendered":"https:\/\/bullet24.pro\/?page_id=2671"},"modified":"2023-02-24T09:04:06","modified_gmt":"2023-02-24T09:04:06","slug":"faq","status":"publish","type":"page","link":"https:\/\/bullet24.pro\/it\/faq\/","title":{"rendered":"FAQ"},"content":{"rendered":"[vc_row type=&#8221;full_width_background&#8221; full_screen_row_position=&#8221;middle&#8221; column_margin=&#8221;default&#8221; equal_height=&#8221;yes&#8221; content_placement=&#8221;middle&#8221; column_direction=&#8221;default&#8221; column_direction_tablet=&#8221;default&#8221; column_direction_phone=&#8221;default&#8221; bg_color=&#8221;#ffffff&#8221; scene_position=&#8221;center&#8221; top_padding=&#8221;3%&#8221; bottom_padding=&#8221;6%&#8221; constrain_group_2=&#8221;yes&#8221; constrain_group_4=&#8221;yes&#8221; constrain_group_6=&#8221;yes&#8221; text_color=&#8221;dark&#8221; text_align=&#8221;left&#8221; row_border_radius=&#8221;none&#8221; row_border_radius_applies=&#8221;bg&#8221; zindex=&#8221;10&#8243; overflow=&#8221;visible&#8221; advanced_gradient_angle=&#8221;0&#8243; overlay_strength=&#8221;0.8&#8243; gradient_direction=&#8221;left_to_right&#8221; shape_divider_position=&#8221;bottom&#8221; bg_image_animation=&#8221;none&#8221; parallax_bg=&#8221;true&#8221; parallax_bg_speed=&#8221;fast&#8221; shape_type=&#8221;&#8221; gradient_type=&#8221;default&#8221;][vc_column column_padding=&#8221;no-extra-padding&#8221; column_padding_tablet=&#8221;inherit&#8221; column_padding_phone=&#8221;inherit&#8221; column_padding_position=&#8221;right&#8221; column_element_direction_desktop=&#8221;default&#8221; column_element_spacing=&#8221;default&#8221; desktop_text_alignment=&#8221;left&#8221; tablet_text_alignment=&#8221;default&#8221; phone_text_alignment=&#8221;default&#8221; background_color_opacity=&#8221;1&#8243; background_hover_color_opacity=&#8221;1&#8243; column_backdrop_filter=&#8221;none&#8221; column_shadow=&#8221;none&#8221; column_border_radius=&#8221;none&#8221; column_link_target=&#8221;_self&#8221; column_position=&#8221;default&#8221; advanced_gradient_angle=&#8221;0&#8243; gradient_direction=&#8221;left_to_right&#8221; overlay_strength=&#8221;0.3&#8243; width=&#8221;1\/1&#8243; tablet_width_inherit=&#8221;default&#8221; animation_type=&#8221;default&#8221; bg_image_animation=&#8221;none&#8221; border_type=&#8221;simple&#8221; column_border_width=&#8221;none&#8221; column_border_style=&#8221;solid&#8221; gradient_type=&#8221;default&#8221; column_padding_type=&#8221;default&#8221;][vc_row_inner column_margin=&#8221;default&#8221; column_direction=&#8221;default&#8221; column_direction_tablet=&#8221;default&#8221; column_direction_phone=&#8221;default&#8221; bottom_padding=&#8221;3%&#8221; text_align=&#8221;left&#8221; row_position=&#8221;default&#8221; row_position_tablet=&#8221;inherit&#8221; row_position_phone=&#8221;inherit&#8221; overflow=&#8221;visible&#8221; pointer_events=&#8221;all&#8221;][vc_column_inner column_padding=&#8221;no-extra-padding&#8221; column_padding_tablet=&#8221;inherit&#8221; column_padding_phone=&#8221;inherit&#8221; column_padding_position=&#8221;all&#8221; column_element_direction_desktop=&#8221;default&#8221; column_element_spacing=&#8221;default&#8221; centered_text=&#8221;true&#8221; desktop_text_alignment=&#8221;default&#8221; tablet_text_alignment=&#8221;default&#8221; phone_text_alignment=&#8221;default&#8221; background_color_opacity=&#8221;1&#8243; background_hover_color_opacity=&#8221;1&#8243; column_backdrop_filter=&#8221;none&#8221; column_shadow=&#8221;none&#8221; column_border_radius=&#8221;none&#8221; column_link_target=&#8221;_self&#8221; overflow=&#8221;visible&#8221; advanced_gradient_angle=&#8221;0&#8243; gradient_direction=&#8221;left_to_right&#8221; overlay_strength=&#8221;0.3&#8243; width=&#8221;1\/1&#8243; tablet_width_inherit=&#8221;default&#8221; animation_type=&#8221;default&#8221; bg_image_animation=&#8221;none&#8221; border_type=&#8221;simple&#8221; column_border_width=&#8221;none&#8221; column_border_style=&#8221;solid&#8221; gradient_type=&#8221;default&#8221;][nectar_responsive_text font_size_desktop=&#8221;3vw&#8221; font_size_tablet=&#8221;5vw&#8221; font_size_phone=&#8221;8vw&#8221; font_line_height=&#8221;1.1&#8243;]\n<h3>Domande frequenti<\/h3>\n[\/nectar_responsive_text][\/vc_column_inner][\/vc_row_inner][toggles style=&#8221;minimal_shadow&#8221; accordion=&#8221;true&#8221; accordion_starting_functionality=&#8221;default&#8221; border_radius=&#8221;20px&#8221;][toggle color=&#8221;Default&#8221; heading_tag=&#8221;h3&#8243; heading_tag_functionality=&#8221;default&#8221; title=&#8221;A cosa si riferisce il prezzo dei prodotti indicati sul sito web?&#8221;][nectar_responsive_text font_size_min=&#8221;14px&#8221; font_size_max=&#8221;20px&#8221; font_size_desktop=&#8221;1.1vw&#8221; font_line_height=&#8221;1.6&#8243;]I prezzi esposti nel sito web www.bullet24.pro (in seguito Bullet24) sono espressi in CHF (franchi svizzeri) e sono comprensivi di IVA, le spese di spedizione sono escluse e conteggiate al momento dell\u2019acquisto.[\/nectar_responsive_text][\/toggle][toggle color=&#8221;Default&#8221; heading_tag=&#8221;h3&#8243; heading_tag_functionality=&#8221;default&#8221; title=&#8221;Quali sono i sistemi di pagamento accettati?&#8221;][nectar_responsive_text font_size_min=&#8221;14px&#8221; font_size_max=&#8221;20px&#8221; font_size_desktop=&#8221;1.1vw&#8221; font_line_height=&#8221;1.6&#8243;]<span style=\"font-weight: 400;\">Le nostre forniture avvengono unicamente previo pagamento anticipato. E\u2019 possibile pagare con bonifico bancario, Postfinance, Maestro, Twint, Visa e MasterCard.<\/span>[\/nectar_responsive_text][\/toggle][toggle color=&#8221;Default&#8221; heading_tag=&#8221;h3&#8243; heading_tag_functionality=&#8221;default&#8221; title=&#8221;Ci sono costi di annullamento d&#8217;ordine?&#8221;][vc_column_text]In caso di annullamento di un ordine pagato con Carta di credito, dal rimborso verranno dedotti i costi di gestione delle transazioni con carta di credito, corrispondenti al 3% dell&#8217;importo.[\/vc_column_text][\/toggle][toggle color=&#8221;Default&#8221; heading_tag=&#8221;h3&#8243; heading_tag_functionality=&#8221;default&#8221; title=&#8221;Posso fare una ordinazione personalizzata?&#8221;][nectar_responsive_text font_size_min=&#8221;14px&#8221; font_size_max=&#8221;20px&#8221; font_size_desktop=&#8221;1.1vw&#8221; font_line_height=&#8221;1.6&#8243;]S\u00ec, \u00e8 possibile creare un ordine su misura di merce che non \u00e8 presente in stock. Al momento della conferma, viene richiesto un acconto pari al 50% del prezzo della merce. NON SARANNO ACCETTATI RESI DI MERCE ORDINATA APPOSITAMENTE (esclusa merce con problemi coperti dalla garanzia del produttore).Le tempistiche per la consegna di questi ordini verr\u00e0 comunicata al cliente dopo aver contattato i produttori. Bullet24 non pu\u00f2 in nessun caso essere ritenuto responsabile per tempistiche diverse da quelle comunicate, in quanto queste dipendono unicamente dal produttore.[\/nectar_responsive_text][\/toggle][toggle color=&#8221;Default&#8221; heading_tag=&#8221;h3&#8243; heading_tag_functionality=&#8221;default&#8221; title=&#8221;Quali sono i Corrieri e i costi di spedizione?&#8221;][nectar_responsive_text font_size_min=&#8221;14px&#8221; font_size_max=&#8221;20px&#8221; font_size_desktop=&#8221;1.1vw&#8221; font_line_height=&#8221;1.6&#8243;]Lavoriamo con la Posta svizzera ed applichiamo una tariffa unica di CHF 16.00 per pacchi del peso massimo di 2 kg e per ogni destinazione all\u2019interno della Svizzera. Pacchi di peso superiore sottostanno alle tariffe della Posta svizzera. Per spedizioni all\u2019estero valgono le tariffe della Posta svizzera. Il cliente pu\u00f2 scegliere di utilizzare altri corrieri (UPS, Fedex, DHL), l\u2019organizzazione del ritiro del pacco ed il loro costo sono a sue spese.[\/nectar_responsive_text][\/toggle][toggle color=&#8221;Default&#8221; heading_tag=&#8221;h3&#8243; heading_tag_functionality=&#8221;default&#8221; title=&#8221;E\u2019 possibile fare aggiunte a ordini gi\u00e0 inviati?&#8221;][nectar_responsive_text font_size_min=&#8221;14px&#8221; font_size_max=&#8221;20px&#8221; font_size_desktop=&#8221;1.1vw&#8221; font_line_height=&#8221;1.6&#8243;]I pacchi sono preparati e spediti entro il giorno feriale successivo alla ricezione del pagamento. Eventuali aggiunte sono possibili unicamente se comunicate tempestivamente e il pacco verr\u00e0 spedito il giorno feriale successivo alla ricezione del pagamento dell\u2019aggiunta.[\/nectar_responsive_text][\/toggle][toggle color=&#8221;Default&#8221; heading_tag=&#8221;h3&#8243; heading_tag_functionality=&#8221;default&#8221; title=&#8221;Ho inviato il mio ordine ma non ho ancora ricevuto una mail di conferma&#8221;][nectar_responsive_text font_size_min=&#8221;14px&#8221; font_size_max=&#8221;20px&#8221; font_size_desktop=&#8221;1.1vw&#8221; font_line_height=&#8221;1.6&#8243;]Le email di conferma sono inviate entro il giorno feriale successivo alla ricezione dell\u2019ordine.[\/nectar_responsive_text][\/toggle][toggle color=&#8221;Default&#8221; heading_tag=&#8221;h3&#8243; heading_tag_functionality=&#8221;default&#8221; title=&#8221;Devo pagare il trasporto supplementare per i backorder?&#8221;][nectar_responsive_text font_size_min=&#8221;14px&#8221; font_size_max=&#8221;20px&#8221; font_size_desktop=&#8221;1.1vw&#8221; font_line_height=&#8221;1.6&#8243;]No, le spese di spedizione in Svizzera per merce in backorder sono a nostro carico.[\/nectar_responsive_text][\/toggle][toggle color=&#8221;Default&#8221; heading_tag=&#8221;h3&#8243; heading_tag_functionality=&#8221;default&#8221; title=&#8221;Quali sono i tempi di consegna?&#8221;][nectar_responsive_text font_size_min=&#8221;14px&#8221; font_size_max=&#8221;20px&#8221; font_size_desktop=&#8221;1.1vw&#8221; font_line_height=&#8221;1.6&#8243;]La tempistica della Posta svizzera per la consegna dei pacchi \u00e8 di circa 3 giorni lavorativi, dal luned\u00ec al venerd\u00ec. Bullet24 non pu\u00f2 in nessun caso essere ritenuto responsabile per tempistiche diverse da quelle comunicate, in quanto queste dipendono unicamente dalla Posta svizzera.[\/nectar_responsive_text][\/toggle][toggle color=&#8221;Default&#8221; heading_tag=&#8221;h3&#8243; heading_tag_functionality=&#8221;default&#8221; title=&#8221;Il mio ordine \u00e8 assicurato?&#8221;][nectar_responsive_text font_size_min=&#8221;14px&#8221; font_size_max=&#8221;20px&#8221; font_size_desktop=&#8221;1.1vw&#8221; font_line_height=&#8221;1.6&#8243;]Si. Tutte le spedizioni sono assicurate dalla Posta svizzera fino ad un importo massimo di CHF 1\u2019500.00. E\u2019 possibile assicurare cifre maggiori con il supplemento fatturato a carico del cliente.[\/nectar_responsive_text][\/toggle][toggle color=&#8221;Default&#8221; heading_tag=&#8221;h3&#8243; heading_tag_functionality=&#8221;default&#8221; title=&#8221;E\u2019 possibile spedire un ordine ad un indirizzo diverso?&#8221;][nectar_responsive_text font_size_min=&#8221;14px&#8221; font_size_max=&#8221;20px&#8221; font_size_desktop=&#8221;1.1vw&#8221; font_line_height=&#8221;1.6&#8243;]E\u2019 possibile spedire in Svizzera ad un indirizzo diverso da quello indicato nella fatturazione, se espressamente indicato nell\u2019apposita area.[\/nectar_responsive_text][\/toggle][toggle color=&#8221;Default&#8221; heading_tag=&#8221;h3&#8243; heading_tag_functionality=&#8221;default&#8221; title=&#8221;Come ricevo la fattura di acquisto?&#8221;][nectar_responsive_text font_size_min=&#8221;14px&#8221; font_size_max=&#8221;20px&#8221; font_size_desktop=&#8221;1.1vw&#8221; font_line_height=&#8221;1.6&#8243;]La fattura del tuo acquisto sar\u00e0 inviata via e-mail all\u2019indirizzo e-mail del tuo account, solo successivamente al tuo pagamento.[\/nectar_responsive_text][\/toggle][toggle color=&#8221;Default&#8221; heading_tag=&#8221;h3&#8243; heading_tag_functionality=&#8221;default&#8221; title=&#8221;\u00c8 possibile fare un reso di un prodotto ordinato?&#8221;][nectar_responsive_text font_size_min=&#8221;14px&#8221; font_size_max=&#8221;20px&#8221; font_size_desktop=&#8221;1.1vw&#8221; font_line_height=&#8221;1.6&#8243;]Si, hai 5 giorni lavorativi dalla nostra data di spedizione per restituire un prodotto (fa stato la data sulla ricevuta postale).<br \/>\nPer poter beneficiare di un reso, la merce deve essere nella sua confezione originale non aperta, senza scritte o disegni e senza graffi o ammaccature.<br \/>\nDovrai inoltre allegare copia della fattura che ti \u00e8 stata inviata.<br \/>\nNON SARANNO ACCETTATI RESI DI MERCE ORDINATA APPOSITAMENTE.<br \/>\nTrovi maggiori informazioni a questo <strong><a href=\"\/it\/politica-di-reso\/\" target=\"_blank\" rel=\"noopener\">LINK<\/a><\/strong><br \/>\nSono escluse altre modalit\u00e0 di reso.[\/nectar_responsive_text][\/toggle][toggle color=&#8221;Default&#8221; heading_tag=&#8221;h3&#8243; heading_tag_functionality=&#8221;default&#8221; title=&#8221;Posso effettuare un reso di un prodotto ordinato che \u00e8 stato aperto?&#8221;][nectar_responsive_text font_size_min=&#8221;14px&#8221; font_size_max=&#8221;20px&#8221; font_size_desktop=&#8221;1.1vw&#8221; font_line_height=&#8221;1.6&#8243;]In caso di reso di un prodotto il cui imballaggio \u00e8 stato aperto, la condizione inequivocabile ed irrinunciabile \u00e8 che il prodotto sia in condizioni perfette e non presenti nessun segno di utilizzo, inoltre tutti gli accessori e le dotazioni di serie devono essere presenti nella confezione nei loro rispettivi imballaggi e la confezione stessa deve essere in perfetto stato, senza scritte o disegni e senza graffi o ammaccature e deve essere stata aperta con la dovuta cura.<br \/>\nDovrai inoltre allegare copia della fattura che ti \u00e8 stata inviata.<br \/>\nNON SARANNO ACCETTATI RESI DI MERCE ORDINATA APPOSITAMENTE.<br \/>\nTrovi maggiori informazioni a questo <a href=\"\/it\/politica-di-reso\/\" target=\"_blank\" rel=\"noopener\"><strong>LINK<\/strong><\/a><br \/>\nSono escluse altre modalit\u00e0 di reso.[\/nectar_responsive_text][\/toggle][toggle color=&#8221;Default&#8221; heading_tag=&#8221;h3&#8243; heading_tag_functionality=&#8221;default&#8221; title=&#8221;Come posso effettuare il reso di un prodotto in garanzia?&#8221;][nectar_responsive_text font_size_min=&#8221;14px&#8221; font_size_max=&#8221;20px&#8221; font_size_desktop=&#8221;1.1vw&#8221; font_line_height=&#8221;1.6&#8243;]<span style=\"font-weight: 400;\">Tutti i prodotti proposti sul sito Bullet24.pro (in seguito Bullet24) sottostanno alla garanzia dei loro produttori.<\/span><\/p>\n<p><span style=\"font-weight: 400;\">In caso di reso per eventuale riparazione o sostituzione in garanzia fanno stato unicamente le loro condizioni.<\/span><\/p>\n<p><span style=\"font-weight: 400;\">Per maggiori informazioni ti invitiamo a voler leggere le condizioni di garanzia direttamente sui siti internet dei produttori stessi.<\/span><\/p>\n<p><span style=\"font-weight: 400;\">La procedura da seguire per la spedizione di prodotti che potrebbero eventualmente sottostare a garanzia \u00e8 la seguente:<\/span><\/p>\n<ul>\n<li style=\"font-weight: 400;\" aria-level=\"1\"><span style=\"font-weight: 400;\">avvisarci immediatamente via e-mail all\u2019indirizzo <\/span><b>info@bullet24.pro<\/b><\/li>\n<li style=\"font-weight: 400;\" aria-level=\"1\"><span style=\"font-weight: 400;\">Bullet24 contatter\u00e0 il produttore per ricevere un numero RMA (Return Merchandise Authorization), una volta ricevuto questo numero, verrai immediatamente avvisato e solo a quel momento potrai spedirci il prodotto, adeguatamente imballato e possibilmente nella sua confezione originale, con allegata una descrizione dettagliata del difetto riscontrato e copia della fattura d\u2019acquisto.<\/span><\/li>\n<li style=\"font-weight: 400;\" aria-level=\"1\"><span style=\"font-weight: 400;\">Sar\u00e0 poi Bullet24 a procedere, per tuo conto, con l\u2019invio al produttore.<\/span><\/li>\n<\/ul>\n<p><span style=\"font-weight: 400;\">NON SARANNO ACCETTATI RESI DI MERCE ORDINATA APPOSITAMENTE.\u00a0<\/span><\/p>\n<p><span style=\"font-weight: 400;\">Le spese di spedizione al produttore sono integralmente a carico del cliente. Il ritorno della merce \u00e8 a carico del produttore.<\/span><\/p>\n<p><span style=\"font-weight: 400;\">Trovi maggiori informazioni a questo <\/span><a href=\"\/it\/politica-di-reso\/\" target=\"_blank\" rel=\"noopener\"><b>LINK<\/b><\/a><\/p>\n<p>&nbsp;<\/p>\n<p><span style=\"font-weight: 400;\">Sono escluse altre modalit\u00e0 di reso.<\/span>[\/nectar_responsive_text][\/toggle][toggle color=&#8221;Default&#8221; heading_tag=&#8221;h3&#8243; heading_tag_functionality=&#8221;default&#8221; title=&#8221;Sono previsti costi per il reso della merce in garanzia?&#8221;][nectar_responsive_text font_size_min=&#8221;14px&#8221; font_size_max=&#8221;20px&#8221; font_size_desktop=&#8221;1.1vw&#8221; font_line_height=&#8221;1.6&#8243;]Le spese di spedizione al produttore sono integralmente a carico del cliente.<br \/>\nIl ritorno della merce \u00e8 a carico del produttore.<br \/>\nTrovi maggiori informazioni a questo <a href=\"\/it\/politica-di-reso\/\" target=\"_blank\" rel=\"noopener\">LINK<\/a>.[\/nectar_responsive_text][\/toggle][toggle color=&#8221;Default&#8221; heading_tag=&#8221;h3&#8243; heading_tag_functionality=&#8221;default&#8221; title=&#8221;E\u2019 necessario un numero di autorizzazione per restituire un prodotto?&#8221;][nectar_responsive_text font_size_min=&#8221;14px&#8221; font_size_max=&#8221;20px&#8221; font_size_desktop=&#8221;1.1vw&#8221; font_line_height=&#8221;1.6&#8243;]Si, per la spedizione di prodotti coperti da garanzia di regola i produttori richiedono il rilascio di un numero RMA (Return Merchandise Authorization) da parte loro.<br \/>\nBullet24 si occuper\u00e0 per tuo conto di richiedere questo numero.<br \/>\nTrovi maggiori informazioni a questo <a href=\"\/it\/politica-di-reso\/\" target=\"_blank\" rel=\"noopener\">LINK<\/a>.[\/nectar_responsive_text][\/toggle][toggle color=&#8221;Default&#8221; heading_tag=&#8221;h3&#8243; heading_tag_functionality=&#8221;default&#8221; title=&#8221;Ho ricevuto un articolo errato nel mio ordine. Devo pagare la spedizione per renderlo?&#8221;][nectar_responsive_text font_size_min=&#8221;14px&#8221; font_size_max=&#8221;20px&#8221; font_size_desktop=&#8221;1.1vw&#8221; font_line_height=&#8221;1.6&#8243;]No, se l\u2019articolo ti \u00e8 stato inviato a causa di un nostro errore, ci avvisi, ci spedisci via e-mail la scansione della ricevuta di spedizione e a ricezione del pacco ti rimborseremo entro 5 giorni lavorativi il costo di spedizione. Il prodotto deve essere nelle condizioni descritte al punto 13.<br \/>\nSe invece l\u2019articolo figura sul tuo ordine ma lo vuoi rendere, fanno stato le condizioni elencate al punto 13.<br \/>\n[\/nectar_responsive_text][\/toggle][toggle color=&#8221;Default&#8221; heading_tag=&#8221;h3&#8243; heading_tag_functionality=&#8221;default&#8221; title=&#8221;Come avviene il rimborso del prodotto reso?&#8221;][nectar_responsive_text font_size_min=&#8221;14px&#8221; font_size_max=&#8221;20px&#8221; font_size_desktop=&#8221;1.1vw&#8221; font_line_height=&#8221;1.6&#8243;]\n<ul>\n<li style=\"font-weight: 400;\" aria-level=\"1\"><i><span style=\"font-weight: 400;\">Carta di credito<\/span><\/i><span style=\"font-weight: 400;\">: l\u2019importo sar\u00e0 rimborsato entro 5 giorni lavorativi unicamente <\/span><span style=\"font-weight: 400;\">sulla stessa carta di credito usata per l\u2019ordine<\/span><span style=\"font-weight: 400;\">. Dal rimborso verranno dedotti i costi di gestione delle transazioni con carta di credito, corrispondenti al 3% dell&#8217;importo.<\/span><\/li>\n<\/ul>\n<p>&nbsp;<\/p>\n<ul>\n<li style=\"font-weight: 400;\" aria-level=\"1\"><i><span style=\"font-weight: 400;\">Bonifico bancario<\/span><\/i><span style=\"font-weight: 400;\">: l\u2019importo sar\u00e0 rimborsato entro 5 giorni lavorativi unicamente <\/span><span style=\"font-weight: 400;\">sullo stesso IBAN usato per l\u2019ordine.<\/span><\/li>\n<\/ul>\n<p>&nbsp;<\/p>\n<ul>\n<li style=\"font-weight: 400;\" aria-level=\"1\"><i><span style=\"font-weight: 400;\">Twint<\/span><\/i><span style=\"font-weight: 400;\">: <\/span><span style=\"font-weight: 400;\">l\u2019importo sar\u00e0 rimborsato entro 5 giorni lavorativi unicamente <\/span><span style=\"font-weight: 400;\">sullo stesso numero di cellulare usato per l\u2019ordine.<\/span><\/li>\n<\/ul>\n<p>&nbsp;<\/p>\n<p><span style=\"font-weight: 400;\">Non sono previste compensazioni con altri acquisti.<\/span>[\/nectar_responsive_text][\/toggle][toggle color=&#8221;Default&#8221; heading_tag=&#8221;h3&#8243; heading_tag_functionality=&#8221;default&#8221; title=&#8221;Eventuale merce difettosa \u00e8 in garanzia?&#8221;][nectar_responsive_text font_size_min=&#8221;14px&#8221; font_size_max=&#8221;20px&#8221; font_size_desktop=&#8221;1.1vw&#8221; font_line_height=&#8221;1.6&#8243;]Tutti i prodotti proposti sul sito Bullet24 sottostanno alla garanzia dei loro produttori.<br \/>\nIn caso di reso per eventuale riparazione o sostituzione in garanzia fanno stato unicamente le loro condizioni.<br \/>\nPer maggiori informazioni ti invitiamo a voler leggere le condizioni di garanzia direttamente sui siti internet dei produttori stessi.<br \/>\nBullet24 non potr\u00e0 in nessun caso essere ritenuto responsabile per qualsiasi scelta dei produttori che non vada nella direzione auspicata dal cliente, come pure per le loro tempistiche.<br \/>\n[\/nectar_responsive_text][\/toggle][toggle color=&#8221;Default&#8221; heading_tag=&#8221;h3&#8243; heading_tag_functionality=&#8221;default&#8221; title=&#8221;Mi devo registrare per poter ordinare un prodotto?&#8221;][nectar_responsive_text font_size_min=&#8221;14px&#8221; font_size_max=&#8221;20px&#8221; font_size_desktop=&#8221;1.1vw&#8221; font_line_height=&#8221;1.6&#8243;]Si, per effettuare un qualsiasi ordine sul nostro Sito Web www.bullet24.pro \u00e8 necessario registrarsi e creare un account gratuito con tutti i dati personali compilati nelle apposite aree, i quali verranno salvati nel nostro database secondo la privacy policy e trattamento dei dati. Per effettuare il Login nelle volte successive, baster\u00e0 inserire il nome utente e la password.[\/nectar_responsive_text][\/toggle][toggle color=&#8221;Default&#8221; heading_tag=&#8221;h3&#8243; heading_tag_functionality=&#8221;default&#8221; title=&#8221;Posso modificare le informazioni del mio account?&#8221;][nectar_responsive_text font_size_min=&#8221;14px&#8221; font_size_max=&#8221;20px&#8221; font_size_desktop=&#8221;1.1vw&#8221; font_line_height=&#8221;1.6&#8243;]Si, dopo l&#8217;accesso \u00e8 possibile aggiornare o modificare le proprie informazioni personali.[\/nectar_responsive_text][\/toggle][toggle color=&#8221;Default&#8221; heading_tag=&#8221;h3&#8243; heading_tag_functionality=&#8221;default&#8221; title=&#8221;I miei dati personali sono al sicuro?&#8221;][nectar_responsive_text font_size_min=&#8221;14px&#8221; font_size_max=&#8221;20px&#8221; font_size_desktop=&#8221;1.1vw&#8221; font_line_height=&#8221;1.6&#8243;]I dati personali di ogni cliente sono sicuri e conservati con cura presso i nostri sistemi e secondo la nostra privacy policy. Usiamo le migliori tecnologie disponibili per la sicurezza relativa al trattamento e alla conservazione dei dati personali e delle modalit\u00e0 di pagamento. E\u2019 possibile richiedere la cancellazione di tutti i dati utente in qualsiasi momento compilando l\u2019apposito form di contatto nella pagina contatti. In caso di cancellazione di tutti i dati utente, il cliente dovr\u00e0 registrarsi nuovamente con tutti i dati se vorr\u00e0 acquistare altri prodotti.[\/nectar_responsive_text][\/toggle][toggle color=&#8221;Default&#8221; heading_tag=&#8221;h3&#8243; heading_tag_functionality=&#8221;default&#8221; title=&#8221;Modifiche.&#8221;][nectar_responsive_text font_size_min=&#8221;14px&#8221; font_size_max=&#8221;20px&#8221; font_size_desktop=&#8221;1.1vw&#8221; font_line_height=&#8221;1.6&#8243;]Possiamo modificare le presenti FAQ di tanto in tanto.<br \/>\nIn caso di modifiche sostanziali vi informeremo pubblicandone una versione riveduta sul\/i Sito\/i Web.<br \/>\nL&#8217;uso continuato dei siti Web da parte dell&#8217;utente dopo la notifica di una modifica indica l&#8217;accettazione dei termini rivisti.<br \/>\n[\/nectar_responsive_text][\/toggle][\/toggles][\/vc_column][\/vc_row]\n","protected":false},"excerpt":{"rendered":"<p>[vc_row type=&#8221;full_width_background&#8221; full_screen_row_position=&#8221;middle&#8221; column_margin=&#8221;default&#8221; equal_height=&#8221;yes&#8221; content_placement=&#8221;middle&#8221; column_direction=&#8221;default&#8221; column_direction_tablet=&#8221;default&#8221; column_direction_phone=&#8221;default&#8221; bg_color=&#8221;#ffffff&#8221; scene_position=&#8221;center&#8221; top_padding=&#8221;3%&#8221; bottom_padding=&#8221;6%&#8221; constrain_group_2=&#8221;yes&#8221; constrain_group_4=&#8221;yes&#8221; constrain_group_6=&#8221;yes&#8221; text_color=&#8221;dark&#8221; text_align=&#8221;left&#8221; row_border_radius=&#8221;none&#8221; row_border_radius_applies=&#8221;bg&#8221; zindex=&#8221;10&#8243; overflow=&#8221;visible&#8221; advanced_gradient_angle=&#8221;0&#8243; overlay_strength=&#8221;0.8&#8243; gradient_direction=&#8221;left_to_right&#8221; shape_divider_position=&#8221;bottom&#8221; bg_image_animation=&#8221;none&#8221; parallax_bg=&#8221;true&#8221; parallax_bg_speed=&#8221;fast&#8221; shape_type=&#8221;&#8221;&#8230;<\/p>\n","protected":false},"author":2,"featured_media":0,"parent":0,"menu_order":0,"comment_status":"closed","ping_status":"closed","template":"","meta":{"footnotes":""},"class_list":["post-2671","page","type-page","status-publish"],"_links":{"self":[{"href":"https:\/\/bullet24.pro\/it\/wp-json\/wp\/v2\/pages\/2671","targetHints":{"allow":["GET"]}}],"collection":[{"href":"https:\/\/bullet24.pro\/it\/wp-json\/wp\/v2\/pages"}],"about":[{"href":"https:\/\/bullet24.pro\/it\/wp-json\/wp\/v2\/types\/page"}],"author":[{"embeddable":true,"href":"https:\/\/bullet24.pro\/it\/wp-json\/wp\/v2\/users\/2"}],"replies":[{"embeddable":true,"href":"https:\/\/bullet24.pro\/it\/wp-json\/wp\/v2\/comments?post=2671"}],"version-history":[{"count":3,"href":"https:\/\/bullet24.pro\/it\/wp-json\/wp\/v2\/pages\/2671\/revisions"}],"predecessor-version":[{"id":8046,"href":"https:\/\/bullet24.pro\/it\/wp-json\/wp\/v2\/pages\/2671\/revisions\/8046"}],"wp:attachment":[{"href":"https:\/\/bullet24.pro\/it\/wp-json\/wp\/v2\/media?parent=2671"}],"curies":[{"name":"wp","href":"https:\/\/api.w.org\/{rel}","templated":true}]}}