{"id":10774,"date":"2023-12-19T07:59:28","date_gmt":"2023-12-19T07:59:28","guid":{"rendered":"https:\/\/bullet24.pro\/?post_type=product&#038;p=10774"},"modified":"2025-01-24T09:41:31","modified_gmt":"2025-01-24T09:41:31","slug":"pulsar-krypton-2-xq35","status":"publish","type":"product","link":"https:\/\/bullet24.pro\/it\/product\/pulsar-krypton-2-xq35\/","title":{"rendered":"Pulsar Krypton 2 XQ35"},"content":{"rendered":"","protected":false},"excerpt":{"rendered":"<p>AGGIORNAMENTO TERMICO<\/p>\n<p>Il sensore termico da 384&#215;288 pixel @ 17 con NETD &lt;25mK assicura un perfetto riconoscimento dei dettagli anche nelle condizioni atmosferiche pi\u00f9 difficili, quando il contrasto termico \u00e8 basso. Le pi\u00f9 piccole differenze di temperatura saranno chiaramente visibili durante le piogge, la nebbia o le mattine fredde, nelle condizioni pi\u00f9 difficili per le immagini termiche.<br \/>\n&#8211; Raggio di rilevamento 1300 m<br \/>\n&#8211; Immagine ad alta definizione<br \/>\n&#8211; Monoculare Pulsar 5x30B<br \/>\n&#8211; Corpo in lega di magnesio resistente agli urti<br \/>\n&#8211; Registratore foto e video incorporato con memoria da 16 Gb<br \/>\n&#8211; Display HD AMOLED<br \/>\n&#8211; Batteria a lunga durata<br \/>\n&#8211; Wi-Fi. Integrazione con dispositivi IOS e Android<br \/>\n&#8211; Supporto per l&#8217;evoluzione del software<br \/>\n&#8211; Grado di impermeabilit\u00e0 IPX7<br \/>\n&#8211; Ampia gamma di temperature operative (da -25 a +50\u00b0C)<\/p>\n<p>&nbsp;<\/p>\n","protected":false},"featured_media":10760,"template":"","meta":[],"product_brand":[],"product_cat":[265,306,311],"product_tag":[],"class_list":{"0":"post-10774","1":"product","2":"type-product","3":"status-publish","4":"has-post-thumbnail","6":"product_cat-ottiche","7":"product_cat-visori-termici","8":"product_cat-monoculari-termici","10":"first","11":"onbackorder","12":"shipping-taxable","13":"purchasable","14":"product-type-simple"},"_links":{"self":[{"href":"https:\/\/bullet24.pro\/it\/wp-json\/wp\/v2\/product\/10774","targetHints":{"allow":["GET"]}}],"collection":[{"href":"https:\/\/bullet24.pro\/it\/wp-json\/wp\/v2\/product"}],"about":[{"href":"https:\/\/bullet24.pro\/it\/wp-json\/wp\/v2\/types\/product"}],"wp:featuredmedia":[{"embeddable":true,"href":"https:\/\/bullet24.pro\/it\/wp-json\/wp\/v2\/media\/10760"}],"wp:attachment":[{"href":"https:\/\/bullet24.pro\/it\/wp-json\/wp\/v2\/media?parent=10774"}],"wp:term":[{"taxonomy":"product_brand","embeddable":true,"href":"https:\/\/bullet24.pro\/it\/wp-json\/wp\/v2\/product_brand?post=10774"},{"taxonomy":"product_cat","embeddable":true,"href":"https:\/\/bullet24.pro\/it\/wp-json\/wp\/v2\/product_cat?post=10774"},{"taxonomy":"product_tag","embeddable":true,"href":"https:\/\/bullet24.pro\/it\/wp-json\/wp\/v2\/product_tag?post=10774"}],"curies":[{"name":"wp","href":"https:\/\/api.w.org\/{rel}","templated":true}]}}