{"id":11010,"date":"2024-06-08T16:16:07","date_gmt":"2024-06-08T16:16:07","guid":{"rendered":"https:\/\/bullet24.pro\/?post_type=product&#038;p=11010"},"modified":"2025-08-09T08:58:35","modified_gmt":"2025-08-09T08:58:35","slug":"atlasworxs-bottom-metal-dbm-aics-tikka-t3-t3x-short-action","status":"publish","type":"product","link":"https:\/\/bullet24.pro\/it\/product\/atlasworxs-bottom-metal-dbm-aics-tikka-t3-t3x-short-action\/","title":{"rendered":"Atlasworxs Bottom Metal \/ DBM (AICS) \u2013 Tikka T3 \/ T3X Short Action"},"content":{"rendered":"","protected":false},"excerpt":{"rendered":"<p>Il Bottom Metal Atlasworxs per Tikka T3 \/ T3X CTR Short Action \u00e8 costruito in modo leggero utilizzando una lega di resistenza strutturale (AL6061 T6) ed \u00e8 rifinito con un resistente rivestimento anodizzato in nero opaco.<br \/>\n\u00c8 dotato di due tipi di leve per offrire pi\u00f9 opzioni ed \u00e8 stato introdotto nella nostra linea di prodotti per dare all&#8217;utente finale un&#8217;alternativa all&#8217;uso dei &#8220;difficili da reperire e costosi&#8221; caricatori CTR originali.<br \/>\nI caricatori Atlasworxs Bottom Metals (AICS) sono realizzati per utilizzare i pi\u00f9 affidabili caricatori comunemente utilizzati nei fucili bolt action di oggi, ovvero i caricatori Accuracy International AICS.<br \/>\nI vantaggi dell&#8217;utilizzo dei caricatori AICS sono l&#8217;affidabilit\u00e0 e la disponibilit\u00e0 di caricatori da 5 o 10 colpi.<br \/>\nIl modello AICS sta diventando uno standard anche per altri produttori di caricatori, come Accurate Mag e MDT, rendendo cos\u00ec i caricatori AICS pi\u00f9 facilmente disponibili e convenienti.<br \/>\n\u00c8 necessaria una lavorazione del calcio per la sua installazione, che si raccomanda di fare eseguire ad una persona qualificata.<br \/>\nCaratteristiche:<br \/>\nRealizzato in lega strutturale AL6061 T6 &#8211; per una maggiore resistenza.<br \/>\nAnodizzazione nera opaca &#8211; per una maggiore durata<br \/>\nCostruzione leggera &#8211; 127 grammi<br \/>\nConferisce un aspetto tattico al vostro set up<br \/>\nHa l&#8217;opzione della leva lunga per lo sgancio rapido del caricatore<br \/>\nUtilizza i caricatori AICS ad azione corta<br \/>\nConsente l&#8217;uso di caricatori pi\u00f9 affidabili e con maggiore capacit\u00e0.<\/p>\n","protected":false},"featured_media":10996,"template":"","meta":[],"product_brand":[],"product_cat":[632,252,292],"product_tag":[],"class_list":{"0":"post-11010","1":"product","2":"type-product","3":"status-publish","4":"has-post-thumbnail","6":"product_cat-dbms-bottom-metals-it","7":"product_cat-accessori-per-armi","8":"product_cat-armi-lunghe","10":"first","11":"onbackorder","12":"shipping-taxable","13":"purchasable","14":"product-type-simple"},"_links":{"self":[{"href":"https:\/\/bullet24.pro\/it\/wp-json\/wp\/v2\/product\/11010","targetHints":{"allow":["GET"]}}],"collection":[{"href":"https:\/\/bullet24.pro\/it\/wp-json\/wp\/v2\/product"}],"about":[{"href":"https:\/\/bullet24.pro\/it\/wp-json\/wp\/v2\/types\/product"}],"wp:featuredmedia":[{"embeddable":true,"href":"https:\/\/bullet24.pro\/it\/wp-json\/wp\/v2\/media\/10996"}],"wp:attachment":[{"href":"https:\/\/bullet24.pro\/it\/wp-json\/wp\/v2\/media?parent=11010"}],"wp:term":[{"taxonomy":"product_brand","embeddable":true,"href":"https:\/\/bullet24.pro\/it\/wp-json\/wp\/v2\/product_brand?post=11010"},{"taxonomy":"product_cat","embeddable":true,"href":"https:\/\/bullet24.pro\/it\/wp-json\/wp\/v2\/product_cat?post=11010"},{"taxonomy":"product_tag","embeddable":true,"href":"https:\/\/bullet24.pro\/it\/wp-json\/wp\/v2\/product_tag?post=11010"}],"curies":[{"name":"wp","href":"https:\/\/api.w.org\/{rel}","templated":true}]}}