{"id":11106,"date":"2024-06-08T16:59:36","date_gmt":"2024-06-08T16:59:36","guid":{"rendered":"https:\/\/bullet24.pro\/?post_type=product&#038;p=11106"},"modified":"2025-08-09T08:53:34","modified_gmt":"2025-08-09T08:53:34","slug":"atlasworxs-bottom-metal-dbm-aics-howa-1500-weatherby-vanguard-short-action","status":"publish","type":"product","link":"https:\/\/bullet24.pro\/it\/product\/atlasworxs-bottom-metal-dbm-aics-howa-1500-weatherby-vanguard-short-action\/","title":{"rendered":"Atlasworxs Bottom Metal \/ DBM (AICS) \u2013 Howa 1500\/Weatherby Vanguard Short Action"},"content":{"rendered":"","protected":false},"excerpt":{"rendered":"<p>Il Bottom Metal Atlasworxs per Howa 1500 \/ Weatherby Vanguard SA \u00e8 realizzato con una costruzione leggera utilizzando una lega ad alta resistenza strutturale (AL6061 T6) ed \u00e8 rifinito con un rivestimento anodizzato resistente in nero opaco.<br \/>\nI Bottom Metals di Atlasworxs (AICS) sono realizzati per utilizzare i caricatori pi\u00f9 affidabili comunemente utilizzati nei fucili a otturatore oggi in commercio, ovvero i caricatori Accuracy International AICS.<br \/>\nI vantaggi dell&#8217;uso dei caricatori AICS sono la loro affidabilit\u00e0 e la disponibilit\u00e0 in capacit\u00e0 da 5 o 10 colpi.<br \/>\nLo schema AICS sta diventando lo standard anche per altri produttori di caricatori come Accurate Mag e MDT, rendendo quindi i caricatori di tipo AICS pi\u00f9 facilmente reperibili ed economici.<\/p>\n<p>\u00c8 richiesta una lavorazione del calcio per questo prodotto, che \u00e8 consigliabile sia eseguita da una persona competente e qualificata.<\/p>\n<p>Caratteristiche:<br \/>\nRealizzato in lega strutturale AL6061 T6 &#8211; Per la resistenza<br \/>\nAnodizzato nero opaco &#8211; Per la durata<br \/>\nCostruzione leggera &#8211; 127 grammi<br \/>\nConferisce un aspetto tattico alla tua configurazione<br \/>\nUtilizza caricatori AICS Pattern Short Action<br \/>\nConsente l&#8217;uso di caricatori pi\u00f9 affidabili e con maggiore capacit\u00e0<\/p>\n","protected":false},"featured_media":11098,"template":"","meta":[],"product_brand":[],"product_cat":[632,252,292],"product_tag":[],"class_list":{"0":"post-11106","1":"product","2":"type-product","3":"status-publish","4":"has-post-thumbnail","6":"product_cat-dbms-bottom-metals-it","7":"product_cat-accessori-per-armi","8":"product_cat-armi-lunghe","10":"first","11":"onbackorder","12":"shipping-taxable","13":"purchasable","14":"product-type-simple"},"_links":{"self":[{"href":"https:\/\/bullet24.pro\/it\/wp-json\/wp\/v2\/product\/11106","targetHints":{"allow":["GET"]}}],"collection":[{"href":"https:\/\/bullet24.pro\/it\/wp-json\/wp\/v2\/product"}],"about":[{"href":"https:\/\/bullet24.pro\/it\/wp-json\/wp\/v2\/types\/product"}],"wp:featuredmedia":[{"embeddable":true,"href":"https:\/\/bullet24.pro\/it\/wp-json\/wp\/v2\/media\/11098"}],"wp:attachment":[{"href":"https:\/\/bullet24.pro\/it\/wp-json\/wp\/v2\/media?parent=11106"}],"wp:term":[{"taxonomy":"product_brand","embeddable":true,"href":"https:\/\/bullet24.pro\/it\/wp-json\/wp\/v2\/product_brand?post=11106"},{"taxonomy":"product_cat","embeddable":true,"href":"https:\/\/bullet24.pro\/it\/wp-json\/wp\/v2\/product_cat?post=11106"},{"taxonomy":"product_tag","embeddable":true,"href":"https:\/\/bullet24.pro\/it\/wp-json\/wp\/v2\/product_tag?post=11106"}],"curies":[{"name":"wp","href":"https:\/\/api.w.org\/{rel}","templated":true}]}}