{"id":11151,"date":"2024-06-09T12:02:36","date_gmt":"2024-06-09T12:02:36","guid":{"rendered":"https:\/\/bullet24.pro\/?post_type=product&#038;p=11151"},"modified":"2025-08-09T08:49:28","modified_gmt":"2025-08-09T08:49:28","slug":"atlasworxs-adjustable-cheek-comb-riser","status":"publish","type":"product","link":"https:\/\/bullet24.pro\/it\/product\/atlasworxs-adjustable-cheek-comb-riser\/","title":{"rendered":"Atlasworxs \u2013 Adjustable Cheek \/ Comb Riser"},"content":{"rendered":"","protected":false},"excerpt":{"rendered":"<p>La posizione ripetibile e corretta dell&#8217; apoggia guancia \u00e8 cruciale per ottenere risultati consistenti nel tiro, specialmente a lunga distanza. Se fai fatica a trovare il tuo punto di mira naturale, riduci la consistenza, il che a sua volta causer\u00e0 risultati insoddisfacenti<br \/>\nIl meccanismo regolabile per apoggia guancia di Atlasworxs ti consente di regolarlo per ottenere una migliore linea di mira ed un corretto appoggio della guancia.<br \/>\n\u00c8 necessario effettuare alcune modifiche per installare questo prodotto, tuttavia \u00e8 abbastanza semplice. Una volta installato, \u00e8 possibile regolare l&#8217; apoggia guancia verticalmente, fino a 20 mm, utilizzando semplicemente una vite.<\/p>\n<p>Caratteristiche:<br \/>\nRealizzato mediante lavorazione CNC in lega di alluminio AL6061 T6 \/ acciaio inossidabile<br \/>\nFornito con chiave esagonale per fissaggio<br \/>\nSi consiglia l&#8217;istallazione da parte di una persona qualificata.<br \/>\nRegolazione dell&#8217;altezza &#8211; 20 mm<br \/>\nDistanza tra i fori di montaggio &#8211; 60 mm<br \/>\nLunghezza complessiva 75 mm x larghezza 15 mm<br \/>\nPeso &#8211; 90 grammi<\/p>\n","protected":false},"featured_media":11140,"template":"","meta":[],"product_brand":[],"product_cat":[635,252,292],"product_tag":[],"class_list":{"0":"post-11151","1":"product","2":"type-product","3":"status-publish","4":"has-post-thumbnail","6":"product_cat-pezzi-per-armaioli-accessori-e-ricambi","7":"product_cat-accessori-per-armi","8":"product_cat-armi-lunghe","10":"first","11":"onbackorder","12":"shipping-taxable","13":"purchasable","14":"product-type-simple"},"_links":{"self":[{"href":"https:\/\/bullet24.pro\/it\/wp-json\/wp\/v2\/product\/11151","targetHints":{"allow":["GET"]}}],"collection":[{"href":"https:\/\/bullet24.pro\/it\/wp-json\/wp\/v2\/product"}],"about":[{"href":"https:\/\/bullet24.pro\/it\/wp-json\/wp\/v2\/types\/product"}],"wp:featuredmedia":[{"embeddable":true,"href":"https:\/\/bullet24.pro\/it\/wp-json\/wp\/v2\/media\/11140"}],"wp:attachment":[{"href":"https:\/\/bullet24.pro\/it\/wp-json\/wp\/v2\/media?parent=11151"}],"wp:term":[{"taxonomy":"product_brand","embeddable":true,"href":"https:\/\/bullet24.pro\/it\/wp-json\/wp\/v2\/product_brand?post=11151"},{"taxonomy":"product_cat","embeddable":true,"href":"https:\/\/bullet24.pro\/it\/wp-json\/wp\/v2\/product_cat?post=11151"},{"taxonomy":"product_tag","embeddable":true,"href":"https:\/\/bullet24.pro\/it\/wp-json\/wp\/v2\/product_tag?post=11151"}],"curies":[{"name":"wp","href":"https:\/\/api.w.org\/{rel}","templated":true}]}}