{"id":11337,"date":"2024-06-09T14:37:08","date_gmt":"2024-06-09T14:37:08","guid":{"rendered":"https:\/\/bullet24.pro\/?post_type=product&#038;p=11337"},"modified":"2025-08-09T08:25:29","modified_gmt":"2025-08-09T08:25:29","slug":"atlasworxs-tikka-t3-t3x-dress-up-kit-smooth-silver","status":"publish","type":"product","link":"https:\/\/bullet24.pro\/it\/product\/atlasworxs-tikka-t3-t3x-dress-up-kit-smooth-silver\/","title":{"rendered":"Atlasworxs \u2013 Tikka T3\/T3X Dress Up Kit \u2013 Smooth \/ Silver"},"content":{"rendered":"","protected":false},"excerpt":{"rendered":"<p>Questo kit si adatta a tutti i modelli Tikka T3\/T3X, sia per mancini che per destri.<br \/>\ni Pomelli Atlasworxs sono progettati per ottimizzare funzionalit\u00e0, sensazione ed estetica. I pomelli sono leggermente pi\u00f9 lunghi e pi\u00f9 grandi rispetto agli originali Tikka, il che consente una migliore ergonomia, sentirai la differenza immediatamente!<br \/>\nLa leva in acciaio inossidabile ha un filetto da 5\/16-24 su cui il pomello viene avvitato, consentendo di passare tra i nostri diversi pomelli se desideri un cambiamento.<br \/>\nIl kit include anche un manicotto in lega, progettato per sostituire quello economico di plastica montato di serie che col tempo si usura e si rompe.<\/p>\n<p>Realizzato in lega strutturale AL6061 T6 \/ acciaio inossidabile di grado marino<br \/>\nFinitura in alluminio anodizzato<br \/>\nEccellente ergonomia<br \/>\nFacile da usare indossando i guanti<br \/>\nOttieni l&#8217;aspetto tattico<br \/>\nPeso 65 grammi<br \/>\nFacile da montare<br \/>\nAmbidestro<\/p>\n<p><em>Si prega di notare: Tutte le nostre parti sono lavorate con precisione con una tolleranza ridotta, tuttavia ci sono stati casi in cui la nostra leva si avvitava con difficolt\u00e0, questo \u00e8 dovuto al fatto che le parti originali di fabbrica hanno una tolleranza pi\u00f9 ampia prevista dalla produzione di massa. A causa di ci\u00f2 potrebbe essere necessario un leggero adattamento, tuttavia la maggior parte delle persone non ha problemi di montaggio.<\/em><\/p>\n","protected":false},"featured_media":11329,"template":"","meta":[],"product_brand":[],"product_cat":[636,252,292],"product_tag":[],"class_list":{"0":"post-11337","1":"product","2":"type-product","3":"status-publish","4":"has-post-thumbnail","6":"product_cat-kits","7":"product_cat-accessori-per-armi","8":"product_cat-armi-lunghe","10":"first","11":"onbackorder","12":"shipping-taxable","13":"purchasable","14":"product-type-simple"},"_links":{"self":[{"href":"https:\/\/bullet24.pro\/it\/wp-json\/wp\/v2\/product\/11337","targetHints":{"allow":["GET"]}}],"collection":[{"href":"https:\/\/bullet24.pro\/it\/wp-json\/wp\/v2\/product"}],"about":[{"href":"https:\/\/bullet24.pro\/it\/wp-json\/wp\/v2\/types\/product"}],"wp:featuredmedia":[{"embeddable":true,"href":"https:\/\/bullet24.pro\/it\/wp-json\/wp\/v2\/media\/11329"}],"wp:attachment":[{"href":"https:\/\/bullet24.pro\/it\/wp-json\/wp\/v2\/media?parent=11337"}],"wp:term":[{"taxonomy":"product_brand","embeddable":true,"href":"https:\/\/bullet24.pro\/it\/wp-json\/wp\/v2\/product_brand?post=11337"},{"taxonomy":"product_cat","embeddable":true,"href":"https:\/\/bullet24.pro\/it\/wp-json\/wp\/v2\/product_cat?post=11337"},{"taxonomy":"product_tag","embeddable":true,"href":"https:\/\/bullet24.pro\/it\/wp-json\/wp\/v2\/product_tag?post=11337"}],"curies":[{"name":"wp","href":"https:\/\/api.w.org\/{rel}","templated":true}]}}