{"id":11373,"date":"2024-06-09T14:57:53","date_gmt":"2024-06-09T14:57:53","guid":{"rendered":"https:\/\/bullet24.pro\/?post_type=product&#038;p=11373"},"modified":"2025-08-09T08:21:16","modified_gmt":"2025-08-09T08:21:16","slug":"atlasworxs-tikka-t3-t3x-knob-bolt-handle-black","status":"publish","type":"product","link":"https:\/\/bullet24.pro\/it\/product\/atlasworxs-tikka-t3-t3x-knob-bolt-handle-black\/","title":{"rendered":"Atlasworxs \u2013 Tikka T3 \/ T3X Knob Bolt Handle (Black)"},"content":{"rendered":"","protected":false},"excerpt":{"rendered":"<p>Questa leva otturatore si adatta a tutti i modelli Tikka T3\/T3X, sia per mancini che per destri.<br \/>\nLe leve Atlasworxs sono progettate per ottimizzare la funzionalit\u00e0, la sensazione e l&#8217;aspetto. Sono leggermente pi\u00f9 lunghe e pi\u00f9 grandi rispetto alle originali, ci\u00f2 consente una migliore ergonomia, percepirai la differenza immediatamente!<br \/>\nLa leva \u00e8 in acciaio inossidabile ha un filetto da 5\/16-24, su cui viene avvitato il pomello, ci\u00f2 consente di passare tra i nostri diversi pomelli se desideri un cambio.<br \/>\nRealizzati in lega strutturale AL6061 T6 \/ acciaio inossidabile di grado marino<br \/>\nFinitura in alluminio anodizzato<br \/>\nGrande ergonomia<br \/>\nFacile da usare anche indossando i guanti<br \/>\nOttieni il look tattico<br \/>\nPeso 57 grammi<br \/>\nFacile da montare<br \/>\nAmbidestro<\/p>\n<p><em>Nota: Tutte le nostre parti sono lavorate con precisione a tolleranze strette. Tuttavia, ci sono stati casi in cui il nostro prodotto \u00e8 risultato essere un po&#8217; stretto. Questo \u00e8 dovuto al fatto che i pezzi originali di fabbrica hanno una gamma di tolleranze pi\u00f9 ampia, come ci si aspetta dalla produzione di massa. Pertanto, potrebbe essere necessario un leggero adattamento, ma la maggior parte delle persone non riscontra problemi di montaggio.<\/em><\/p>\n","protected":false},"featured_media":11371,"template":"","meta":[],"product_brand":[],"product_cat":[634,252,292],"product_tag":[],"class_list":{"0":"post-11373","1":"product","2":"type-product","3":"status-publish","4":"has-post-thumbnail","6":"product_cat-bolt-handles-knobs-and-shrouds","7":"product_cat-accessori-per-armi","8":"product_cat-armi-lunghe","10":"first","11":"onbackorder","12":"shipping-taxable","13":"purchasable","14":"product-type-simple"},"_links":{"self":[{"href":"https:\/\/bullet24.pro\/it\/wp-json\/wp\/v2\/product\/11373","targetHints":{"allow":["GET"]}}],"collection":[{"href":"https:\/\/bullet24.pro\/it\/wp-json\/wp\/v2\/product"}],"about":[{"href":"https:\/\/bullet24.pro\/it\/wp-json\/wp\/v2\/types\/product"}],"wp:featuredmedia":[{"embeddable":true,"href":"https:\/\/bullet24.pro\/it\/wp-json\/wp\/v2\/media\/11371"}],"wp:attachment":[{"href":"https:\/\/bullet24.pro\/it\/wp-json\/wp\/v2\/media?parent=11373"}],"wp:term":[{"taxonomy":"product_brand","embeddable":true,"href":"https:\/\/bullet24.pro\/it\/wp-json\/wp\/v2\/product_brand?post=11373"},{"taxonomy":"product_cat","embeddable":true,"href":"https:\/\/bullet24.pro\/it\/wp-json\/wp\/v2\/product_cat?post=11373"},{"taxonomy":"product_tag","embeddable":true,"href":"https:\/\/bullet24.pro\/it\/wp-json\/wp\/v2\/product_tag?post=11373"}],"curies":[{"name":"wp","href":"https:\/\/api.w.org\/{rel}","templated":true}]}}