{"id":11412,"date":"2024-06-09T15:34:09","date_gmt":"2024-06-09T15:34:09","guid":{"rendered":"https:\/\/bullet24.pro\/?post_type=product&#038;p=11412"},"modified":"2025-08-09T08:17:03","modified_gmt":"2025-08-09T08:17:03","slug":"atlasworxs-tikka-t1-t1x-bolt-handle-pineapple-black","status":"publish","type":"product","link":"https:\/\/bullet24.pro\/it\/product\/atlasworxs-tikka-t1-t1x-bolt-handle-pineapple-black\/","title":{"rendered":"Atlasworxs \u2013 Tikka T1 \/ T1X Bolt Handle Pineapple (Black)"},"content":{"rendered":"","protected":false},"excerpt":{"rendered":"<p>Questa leva otturatore si adatta a tutti i modelli Tikka T1 \/ T1X sia per mancini che per destrorsi.<br \/>\nLe leve otturatore Atlasworxs sono progettate per ottimizzare funzionalit\u00e0, sensazione ed estetica. Le leve sono leggermente pi\u00f9 lunghe e pi\u00f9 grandi rispetto alle originali, ci\u00f2 consente una migliore ergonomia e sentirai la differenza immediatamente!<\/p>\n<p>La levao \u00e8 realizzata in acciaio inossidabile 316 con finitura spazzolata.<br \/>\nIl pomello ha una finitura anodizzata (nero).<br \/>\nLeva personalizzata realizzata in acciaio ad alta resistenza e nero.<br \/>\nGrande ergonomia.<br \/>\nFacile da usare anche indossando i guanti.<br \/>\nOttieni il look tattico.<br \/>\nPeso 43 grammi.<br \/>\nSi adatta a tutti i modelli Tikka T1 \/ T1X (mano sinistra o destra).<br \/>\nViene fornito con chiave esagonale per il montaggio.<\/p>\n","protected":false},"featured_media":11410,"template":"","meta":[],"product_brand":[],"product_cat":[634,252,292],"product_tag":[],"class_list":{"0":"post-11412","1":"product","2":"type-product","3":"status-publish","4":"has-post-thumbnail","6":"product_cat-bolt-handles-knobs-and-shrouds","7":"product_cat-accessori-per-armi","8":"product_cat-armi-lunghe","10":"first","11":"onbackorder","12":"shipping-taxable","13":"purchasable","14":"product-type-simple"},"_links":{"self":[{"href":"https:\/\/bullet24.pro\/it\/wp-json\/wp\/v2\/product\/11412","targetHints":{"allow":["GET"]}}],"collection":[{"href":"https:\/\/bullet24.pro\/it\/wp-json\/wp\/v2\/product"}],"about":[{"href":"https:\/\/bullet24.pro\/it\/wp-json\/wp\/v2\/types\/product"}],"wp:featuredmedia":[{"embeddable":true,"href":"https:\/\/bullet24.pro\/it\/wp-json\/wp\/v2\/media\/11410"}],"wp:attachment":[{"href":"https:\/\/bullet24.pro\/it\/wp-json\/wp\/v2\/media?parent=11412"}],"wp:term":[{"taxonomy":"product_brand","embeddable":true,"href":"https:\/\/bullet24.pro\/it\/wp-json\/wp\/v2\/product_brand?post=11412"},{"taxonomy":"product_cat","embeddable":true,"href":"https:\/\/bullet24.pro\/it\/wp-json\/wp\/v2\/product_cat?post=11412"},{"taxonomy":"product_tag","embeddable":true,"href":"https:\/\/bullet24.pro\/it\/wp-json\/wp\/v2\/product_tag?post=11412"}],"curies":[{"name":"wp","href":"https:\/\/api.w.org\/{rel}","templated":true}]}}