{"id":11587,"date":"2024-10-15T15:26:57","date_gmt":"2024-10-15T15:26:57","guid":{"rendered":"https:\/\/bullet24.pro\/?post_type=product&#038;p=11587"},"modified":"2024-10-15T15:43:05","modified_gmt":"2024-10-15T15:43:05","slug":"pulsar-axion-xg35-compact","status":"publish","type":"product","link":"https:\/\/bullet24.pro\/it\/product\/pulsar-axion-xg35-compact\/","title":{"rendered":"Pulsar Axion XG35 Compact"},"content":{"rendered":"<p>Caratteristiche tecniche Pulsar Axion XG35 Compact<br \/>\nSensore: 640&#215;480 pix. @ 12 \u00b5m (NETD &lt;40 mK)<br \/>\nLenti dell\u2019obiettivo: F35 \/ 1.0<br \/>\nIngrandimento, x: 2.5 \u2013 20 (x8 zoom)<br \/>\nCampo visivo (HxV), gradi \/ m @ 100 m: 12.5&#215;7.8\/ 21.9&#215;13.7<br \/>\nRaggio di individuazione, m: 1750<\/p>\n","protected":false},"excerpt":{"rendered":"<p>La serie Pulsar Axion compact \u00e8 ideale per l\u2019esplorazione del territorio e il rilevamento della selvaggina. Sensori di qualit\u00e0, prodotti in Europa, assicurano un\u2019eccellente immagine in ogni situazione. Il sensore 640&#215;480 \/ 12 micron fornisce i dettagli necessari per l\u2019identificazione degli oggetti di calore. I monocoli Pulsar AXION COMPACT offrono un ampio campo visivo che semplifica l\u2019esplorazione e la ricerca di oggetti caldi. L\u2019esteso campo visivo permette all\u2019utilizzatore di localizzare velocemente tutti gli oggetti di calore e di concentrarsi su quelli pi\u00f9 rilevanti, mantenendo comunque la visione di tutto l\u2019ambiente circostante. Pulsar AXION COMPACT si presenta con un formato compatto e tascabile, perfetto per essere tenuto in mano. \u00c8 un\u2019opzione ideale per la caccia e il turismo. Il design simmetrico, unito al posizionamento dei pulsanti nella parte superiore del dispositivo, assicura comodit\u00e0 di utilizzo sia con la mano destra che con la sinistra. Pulsar AXION COMPACT \u00e8 progettato per un utilizzo continuo e spesso brusco. L\u2019alloggiamento in lega di magnesio \u00e8 leggero ma al contempo resistente, e assicura alle componenti interne di un dispositivo termico protezione da urti, cadute, caldo e freddo. Inoltre l\u2019alloggiamento metallico rimuove efficacemente il calore dalle componenti elettroniche, minimizza i disturbi dell\u2019immagine e aiuta il regolare funzionamento dello strumento nel corso di lunghe osservazioni.<br \/>\nIl videoregistratore integrato \u00e8 di grande beneficio quando \u00e8 il momento di girare video o scattare fotografie di esperienze irripetibili. Con una pressione del tasto REC si registrano immagini che possono poi essere condivise facilmente con colleghi, amici e familiari. La memoria interna del dispositivo consente la registrazione di molte ore di filmati e di migliaia di fotografie. Tre livelli di amplificazione della sensibilit\u00e0, in aggiunta a nuovi algoritmi di filtrazione e alla regolazione fine di luminosit\u00e0 e contrasto, aumentano le possibilit\u00e0 del cacciatore di individuare velocemente un animale in condizioni meteorologiche avverse e con elevata umidit\u00e0. Queste impostazioni offrono una resa altamente qualitativa del bersaglio, e degli oggetti sullo sfondo, nel luogo di osservazione.<br \/>\nUna scelta tra 8 tavolozze di colori permette all\u2019utilizzatore di osservare il campo visivo pi\u00f9 efficacemente, ottimizzando il dispositivo per compiti specifici, oltre ad adattarsi alle variazioni delle condizioni di osservazione. Bianco caldo, Nero caldo e Rosso caldo sono ideali per il rilevamento degli oggetti; Arcobaleno e Ultramarino aumentano le possibilit\u00e0 di riconoscimento e identificazione; Rosso monocromo, Seppia e Violetto sono le pi\u00f9 adatte per lunghe osservazioni notturne. App Stream Vision 2 per iOS e Android.<\/p>\n","protected":false},"featured_media":11572,"template":"","meta":[],"product_brand":[],"product_cat":[265,306,311],"product_tag":[],"class_list":{"0":"post-11587","1":"product","2":"type-product","3":"status-publish","4":"has-post-thumbnail","6":"product_cat-ottiche","7":"product_cat-visori-termici","8":"product_cat-monoculari-termici","10":"first","11":"onbackorder","12":"shipping-taxable","13":"purchasable","14":"product-type-simple"},"_links":{"self":[{"href":"https:\/\/bullet24.pro\/it\/wp-json\/wp\/v2\/product\/11587","targetHints":{"allow":["GET"]}}],"collection":[{"href":"https:\/\/bullet24.pro\/it\/wp-json\/wp\/v2\/product"}],"about":[{"href":"https:\/\/bullet24.pro\/it\/wp-json\/wp\/v2\/types\/product"}],"wp:featuredmedia":[{"embeddable":true,"href":"https:\/\/bullet24.pro\/it\/wp-json\/wp\/v2\/media\/11572"}],"wp:attachment":[{"href":"https:\/\/bullet24.pro\/it\/wp-json\/wp\/v2\/media?parent=11587"}],"wp:term":[{"taxonomy":"product_brand","embeddable":true,"href":"https:\/\/bullet24.pro\/it\/wp-json\/wp\/v2\/product_brand?post=11587"},{"taxonomy":"product_cat","embeddable":true,"href":"https:\/\/bullet24.pro\/it\/wp-json\/wp\/v2\/product_cat?post=11587"},{"taxonomy":"product_tag","embeddable":true,"href":"https:\/\/bullet24.pro\/it\/wp-json\/wp\/v2\/product_tag?post=11587"}],"curies":[{"name":"wp","href":"https:\/\/api.w.org\/{rel}","templated":true}]}}