{"id":12073,"date":"2024-11-12T15:32:52","date_gmt":"2024-11-12T15:32:52","guid":{"rendered":"https:\/\/bullet24.pro\/?post_type=product&#038;p=12073"},"modified":"2025-08-06T17:10:50","modified_gmt":"2025-08-06T17:10:50","slug":"gpo-passion-10x34-sd","status":"publish","type":"product","link":"https:\/\/bullet24.pro\/it\/product\/gpo-passion-10x34-sd\/","title":{"rendered":"GPO PASSION\u2122 10&#215;34 SD"},"content":{"rendered":"","protected":false},"excerpt":{"rendered":"<p>I PASSION\u2122 SD 8\u00d734 sono super compatti e leggeri nonostante le loro prestazioni, e grazie al diametro maggiore della lente dell&#8217;obiettivo offrono anche riserve di prestazioni in condizioni di scarsa illuminazione. L&#8217;ingrandimento 10x ti avvicina a tutto ci\u00f2 che vuoi scoprire, mentre l&#8217;ingrandimento 8x offre un campo visivo pi\u00f9 ampio e rende pi\u00f9 facile tenere il binocolo fermo.<\/p>\n","protected":false},"featured_media":12071,"template":"","meta":[],"product_brand":[],"product_cat":[265,308,315],"product_tag":[],"class_list":{"0":"post-12073","1":"product","2":"type-product","3":"status-publish","4":"has-post-thumbnail","6":"product_cat-ottiche","7":"product_cat-ottiche-da-osservazione","8":"product_cat-binocoli","10":"first","11":"onbackorder","12":"shipping-taxable","13":"purchasable","14":"product-type-simple"},"_links":{"self":[{"href":"https:\/\/bullet24.pro\/it\/wp-json\/wp\/v2\/product\/12073","targetHints":{"allow":["GET"]}}],"collection":[{"href":"https:\/\/bullet24.pro\/it\/wp-json\/wp\/v2\/product"}],"about":[{"href":"https:\/\/bullet24.pro\/it\/wp-json\/wp\/v2\/types\/product"}],"wp:featuredmedia":[{"embeddable":true,"href":"https:\/\/bullet24.pro\/it\/wp-json\/wp\/v2\/media\/12071"}],"wp:attachment":[{"href":"https:\/\/bullet24.pro\/it\/wp-json\/wp\/v2\/media?parent=12073"}],"wp:term":[{"taxonomy":"product_brand","embeddable":true,"href":"https:\/\/bullet24.pro\/it\/wp-json\/wp\/v2\/product_brand?post=12073"},{"taxonomy":"product_cat","embeddable":true,"href":"https:\/\/bullet24.pro\/it\/wp-json\/wp\/v2\/product_cat?post=12073"},{"taxonomy":"product_tag","embeddable":true,"href":"https:\/\/bullet24.pro\/it\/wp-json\/wp\/v2\/product_tag?post=12073"}],"curies":[{"name":"wp","href":"https:\/\/api.w.org\/{rel}","templated":true}]}}