{"id":12109,"date":"2024-11-12T15:51:11","date_gmt":"2024-11-12T15:51:11","guid":{"rendered":"https:\/\/bullet24.pro\/?post_type=product&#038;p=12109"},"modified":"2025-08-06T17:06:35","modified_gmt":"2025-08-06T17:06:35","slug":"gpo-rangeguide-3200-8x40","status":"publish","type":"product","link":"https:\/\/bullet24.pro\/it\/product\/gpo-rangeguide-3200-8x40\/","title":{"rendered":"GPO RANGEGUIDE\u2122 3200 8&#215;40"},"content":{"rendered":"","protected":false},"excerpt":{"rendered":"<p>Il GPO RANGEGUIDE\u2122 3200 8\u00d740 \u00e8 un vero e proprio punto di riferimento e stabilisce nuovi standard nella classe dei telemetri da 40 mm per quanto riguarda prestazioni, peso, compattezza e maneggevolezza. \u00c8 il compagno perfetto in montagna, durante l&#8217;inseguimento, al crepuscolo o durante la caccia con arco o balestre.<br \/>\nI binocoli con obiettivi da 40 mm sono da tempo la dimensione pi\u00f9 popolare tra i cacciatori di tutto il mondo. Con i nuovi modelli da 40 mm, GPO risponde alle richieste di molti clienti e stabilisce un nuovo standard di mercato: il design esterno di alta qualit\u00e0 nasconde un corpo in magnesio con una ponte in magnesio (e filettatura per treppiede). Di conseguenza, il 8&#215;40 RANGEGUIDE pesa solo 713 g. Con una lunghezza totale di soli 132 mm, \u00e8 uno dei pi\u00f9 compatti in questa classe ed estremamente facile da maneggiare. Il sistema ottico HD altamente rivestito con display OLED rosso offre ottiche brillanti e campi visivi unici di 135 m (a 1000 m). Ora i cacciatori possono portare con s\u00e9 un dispositivo leggero e compatto senza compromettere la qualit\u00e0 ottica, la capacit\u00e0 di vedere il bersaglio in condizioni di scarsa illuminazione o la velocit\u00e0 e precisione del telemetro laser.<\/p>\n<p>Grazie all&#8217;esperienza optoelettronica di GPO, questo dispositivo compatto misura i bersagli a distanze fino a 3,2 km, dispone di una compensazione angolare integrata (per le distanze orizzontali) ed \u00e8 il pi\u00f9 veloce sul mercato con 4 misurazioni al secondo. Oltre al controllo manuale della luminosit\u00e0 del display in 9 livelli, offre anche un&#8217;impostazione con controllo automatico dell&#8217;illuminazione (a seconda della luminosit\u00e0 ambientale). Ha anche una funzione di bersaglio BEST e LAST e misura inoltre temperatura, pressione atmosferica e umidit\u00e0. La visualizzazione di tutti i valori misurati pu\u00f2 essere commutata nel menu tra unit\u00e0 metriche e imperiali.<\/p>\n","protected":false},"featured_media":12098,"template":"","meta":[],"product_brand":[],"product_cat":[265,305],"product_tag":[],"class_list":{"0":"post-12109","1":"product","2":"type-product","3":"status-publish","4":"has-post-thumbnail","6":"product_cat-ottiche","7":"product_cat-telemetri","9":"first","10":"onbackorder","11":"shipping-taxable","12":"purchasable","13":"product-type-simple"},"_links":{"self":[{"href":"https:\/\/bullet24.pro\/it\/wp-json\/wp\/v2\/product\/12109","targetHints":{"allow":["GET"]}}],"collection":[{"href":"https:\/\/bullet24.pro\/it\/wp-json\/wp\/v2\/product"}],"about":[{"href":"https:\/\/bullet24.pro\/it\/wp-json\/wp\/v2\/types\/product"}],"wp:featuredmedia":[{"embeddable":true,"href":"https:\/\/bullet24.pro\/it\/wp-json\/wp\/v2\/media\/12098"}],"wp:attachment":[{"href":"https:\/\/bullet24.pro\/it\/wp-json\/wp\/v2\/media?parent=12109"}],"wp:term":[{"taxonomy":"product_brand","embeddable":true,"href":"https:\/\/bullet24.pro\/it\/wp-json\/wp\/v2\/product_brand?post=12109"},{"taxonomy":"product_cat","embeddable":true,"href":"https:\/\/bullet24.pro\/it\/wp-json\/wp\/v2\/product_cat?post=12109"},{"taxonomy":"product_tag","embeddable":true,"href":"https:\/\/bullet24.pro\/it\/wp-json\/wp\/v2\/product_tag?post=12109"}],"curies":[{"name":"wp","href":"https:\/\/api.w.org\/{rel}","templated":true}]}}