{"id":13829,"date":"2025-11-23T10:46:50","date_gmt":"2025-11-23T10:46:50","guid":{"rendered":"https:\/\/bullet24.pro\/?post_type=product&#038;p=13829"},"modified":"2025-11-23T15:44:36","modified_gmt":"2025-11-23T15:44:36","slug":"schmidt-bender-10-60x56-cm-ii-high-performance-2-fp-mt-ii-dt-ii","status":"publish","type":"product","link":"https:\/\/bullet24.pro\/it\/product\/schmidt-bender-10-60x56-cm-ii-high-performance-2-fp-mt-ii-dt-ii\/","title":{"rendered":"Schmidt &#038; Bender 10-60&#215;56 CM II High Performance 2.FP MT II \/ DT II +"},"content":{"rendered":"","protected":false},"excerpt":{"rendered":"<p>Il nuovo Schmidt &amp; Bender 10-60&#215;56 CM II High Performance \u00e8 pensato per tutti coloro che ricercano massima precisione e accuratezza.<br \/>\nSia per Benchrest, F-Class o Long-Range, lo Schmidt &amp; Bender 10-60&#215;56 CM II High Performance \u00e8 la scelta perfetta ideale per il tiro competitivo.<\/p>\n<p>Schmidt &amp; Bender ha collaborato con il Team BCM allo sviluppo di questo cannocchiale ad alte prestazioni fin dalla Coppa del Mondo 2023 in Sudafrica. Il Team BCM utilizza con successo lo Schmidt &amp; Bender 10-60&#215;56 CM II High Performance in F-Class dal 2024. Lo Schmidt &amp; Bender 10-60&#215;56 CM II High Performance si \u00e8 affermato come novit\u00e0 durante i test della nazionale GB FT-R, durati diverse settimane, confrontandosi con i prodotti gi\u00e0 affermati di altre marche. Il team utilizzer\u00e0 queste ottiche ai Campionati del Mondo 2026.<\/p>\n<p>Come ultima evoluzione dei nostri cannocchiali con zoom 6x, lo Schmidt &amp; Bender 10-60&#215;56 CM II High Performance impressiona per le sue prestazioni elevate:<\/p>\n<p>Il grande campo visivo, unito alla generosa pupilla d\u2019uscita\/eye box, consente un\u2019acquisizione del bersaglio confortevole e definisce un nuovo standard.<\/p>\n<p>Il diametro dell\u2019obiettivo da 56 mm, abbinato a una trasmissione della luce superiore al 90%, garantisce un\u2019immagine chiara, luminosa e ad alto contrasto, anche a ingrandimenti estremi.<\/p>\n<p>A seconda della disciplina, \u00e8 possibile scegliere tra un reticolo illuminato mrad-based sul primo piano focale o un reticolo MOA-based non illuminato sul secondo piano focale.<\/p>\n<p>Grazie al diametro del tubo centrale di 34 mm, lo\u00a0Schmidt &amp; Bender 10-60&#215;56 CM II High Performance offre un intervallo di regolazione in elevazione di oltre 23 mrad \/ 79 MOA.<br \/>\nIl Double Turn II+ permette una regolazione a click di 0,1 mrad \/ \u00bc MOA, mentre il Multi Turn II consente 0,05 mrad \/ 1\/8 MOA.<\/p>\n<p>L\u2019uso di alluminio ad alte prestazioni e il design speciale garantiscono la consueta stabilit\u00e0 Schmidt &amp; Bender, consentendo l\u2019utilizzo dello Schmidt &amp; Bender 10-60&#215;56 CM II High Performance in un intervallo di temperature da -40 \u00b0C a +61 \u00b0C.<br \/>\nNonostante la solida costruzione e l\u2019eccezionale qualit\u00e0 ottica, il peso dello Schmidt &amp; Bender 10-60&#215;56 CM II High Performance \u00e8 compreso tra 940 e 999 g.<\/p>\n<p>Reticolo: M2F-2MOA<br \/>\nConfigurazione torrette: MT II \/ DT II +<\/p>\n","protected":false},"featured_media":13806,"template":"","meta":[],"product_brand":[],"product_cat":[688,265,307,313],"product_tag":[],"class_list":{"0":"post-13829","1":"product","2":"type-product","3":"status-publish","4":"has-post-thumbnail","6":"product_cat-sport-it","7":"product_cat-ottiche","8":"product_cat-ottiche-da-puntamento","9":"product_cat-cannocchiali","11":"first","12":"onbackorder","13":"shipping-taxable","14":"purchasable","15":"product-type-simple"},"_links":{"self":[{"href":"https:\/\/bullet24.pro\/it\/wp-json\/wp\/v2\/product\/13829","targetHints":{"allow":["GET"]}}],"collection":[{"href":"https:\/\/bullet24.pro\/it\/wp-json\/wp\/v2\/product"}],"about":[{"href":"https:\/\/bullet24.pro\/it\/wp-json\/wp\/v2\/types\/product"}],"wp:featuredmedia":[{"embeddable":true,"href":"https:\/\/bullet24.pro\/it\/wp-json\/wp\/v2\/media\/13806"}],"wp:attachment":[{"href":"https:\/\/bullet24.pro\/it\/wp-json\/wp\/v2\/media?parent=13829"}],"wp:term":[{"taxonomy":"product_brand","embeddable":true,"href":"https:\/\/bullet24.pro\/it\/wp-json\/wp\/v2\/product_brand?post=13829"},{"taxonomy":"product_cat","embeddable":true,"href":"https:\/\/bullet24.pro\/it\/wp-json\/wp\/v2\/product_cat?post=13829"},{"taxonomy":"product_tag","embeddable":true,"href":"https:\/\/bullet24.pro\/it\/wp-json\/wp\/v2\/product_tag?post=13829"}],"curies":[{"name":"wp","href":"https:\/\/api.w.org\/{rel}","templated":true}]}}