{"id":14016,"date":"2025-11-24T12:24:00","date_gmt":"2025-11-24T12:24:00","guid":{"rendered":"https:\/\/bullet24.pro\/?post_type=product&#038;p=14016"},"modified":"2025-11-24T12:28:17","modified_gmt":"2025-11-24T12:28:17","slug":"schmidt-bender-3-20x50-pm-ii-ultra-short-dt27-mtc-lt-st-zc-ct","status":"publish","type":"product","link":"https:\/\/bullet24.pro\/it\/product\/schmidt-bender-3-20x50-pm-ii-ultra-short-dt27-mtc-lt-st-zc-ct\/","title":{"rendered":"Schmidt &#038; Bender 3-20&#215;50 PM II Ultra Short &#8211; DT27 MTC LT \/ ST ZC CT"},"content":{"rendered":"","protected":false},"excerpt":{"rendered":"<p>Inarrivabile nella sua classe<br \/>\nLo Schmidt &amp; Bender 3-20&#215;50 PM II Ultra Short rappresenta l\u2019evoluzione dello Schmidt &amp; Bender 3-20&#215;50 PM II.<br \/>\nOffre il campo visivo pi\u00f9 ampio ed \u00e8 anche il cannocchiale pi\u00f9 corto e leggero della sua categoria.<br \/>\nLa sua lunghezza \u00e8 simile a quella del leggendario Schmidt &amp; Bender 3-12&#215;50 PM II, rendendolo l\u2019aggiornamento ideale per DMR e fucili da cecchino.<\/p>\n<p>Lo Schmidt &amp; Bender 3-20&#215;50 PM II Ultra Short ha vinto il programma CSASS dell\u2019Esercito USA insieme a Heckler &amp; Koch.<br \/>\nDa allora \u00e8 stato utilizzato dalla US Air Force, nonch\u00e9 dalle forze canadesi e spagnole.<br \/>\nAnche unit\u00e0 di polizia e anti-terrorismo si affidano allo Schmidt &amp; Bender 3-20&#215;50 PM II Ultra Short.<\/p>\n<p>Oltre all\u2019ampio campo visivo, lo Schmidt &amp; Bender 3-20&#215;50 PM II Ultra Short offre una generosa pupilla d\u2019uscita\/eye box, alta risoluzione e elevata trasmissione della luce.<br \/>\nLa costruzione robusta resiste a condizioni estreme, come confermato da un laboratorio di test indipendente NTS.<br \/>\nHa inoltre superato con successo il test d\u2019urto con oltre 30.000 shock nel profilo di carico MK17, con accelerazioni di diverse migliaia di g.<\/p>\n<p>Grazie al design compatto, lo Schmidt &amp; Bender 3-20&#215;50 PM II Ultra Short \u00e8 particolarmente adatto per l\u2019uso su fucili semiautomatici con rotaie corte in combinazione con dispositivi di visione notturna, ma pu\u00f2 essere utilizzato anche su fucili a ripetizione in calibro .50..<\/p>\n<p>Reticoli disponibili, da confermare al momento dell\u2019ordine: GR\u00b2ID, P4FL, (TREMOR3, MSR2 con sovraprezzo).<br \/>\nConfigurazione torrette: DT27 MTC LT \/ ST ZC CT.<\/p>\n","protected":false},"featured_media":13996,"template":"","meta":[],"product_brand":[],"product_cat":[691,265,307,313],"product_tag":[],"class_list":{"0":"post-14016","1":"product","2":"type-product","3":"status-publish","4":"has-post-thumbnail","6":"product_cat-difesa","7":"product_cat-ottiche","8":"product_cat-ottiche-da-puntamento","9":"product_cat-cannocchiali","11":"first","12":"onbackorder","13":"shipping-taxable","14":"purchasable","15":"product-type-simple"},"_links":{"self":[{"href":"https:\/\/bullet24.pro\/it\/wp-json\/wp\/v2\/product\/14016","targetHints":{"allow":["GET"]}}],"collection":[{"href":"https:\/\/bullet24.pro\/it\/wp-json\/wp\/v2\/product"}],"about":[{"href":"https:\/\/bullet24.pro\/it\/wp-json\/wp\/v2\/types\/product"}],"wp:featuredmedia":[{"embeddable":true,"href":"https:\/\/bullet24.pro\/it\/wp-json\/wp\/v2\/media\/13996"}],"wp:attachment":[{"href":"https:\/\/bullet24.pro\/it\/wp-json\/wp\/v2\/media?parent=14016"}],"wp:term":[{"taxonomy":"product_brand","embeddable":true,"href":"https:\/\/bullet24.pro\/it\/wp-json\/wp\/v2\/product_brand?post=14016"},{"taxonomy":"product_cat","embeddable":true,"href":"https:\/\/bullet24.pro\/it\/wp-json\/wp\/v2\/product_cat?post=14016"},{"taxonomy":"product_tag","embeddable":true,"href":"https:\/\/bullet24.pro\/it\/wp-json\/wp\/v2\/product_tag?post=14016"}],"curies":[{"name":"wp","href":"https:\/\/api.w.org\/{rel}","templated":true}]}}