{"id":14256,"date":"2025-11-24T17:27:10","date_gmt":"2025-11-24T17:27:10","guid":{"rendered":"https:\/\/bullet24.pro\/?post_type=product&#038;p=14256"},"modified":"2025-11-24T17:30:59","modified_gmt":"2025-11-24T17:30:59","slug":"schmidt-bender-5-25x56-pm-ii-lp-1cm-cw-dt-ii-mtc-lt-st-ii-zc-lt","status":"publish","type":"product","link":"https:\/\/bullet24.pro\/it\/product\/schmidt-bender-5-25x56-pm-ii-lp-1cm-cw-dt-ii-mtc-lt-st-ii-zc-lt\/","title":{"rendered":"Schmidt &#038; Bender 5-25&#215;56 PM II LP 1cm cw DT II+ MTC LT \/ ST II ZC LT"},"content":{"rendered":"","protected":false},"excerpt":{"rendered":"<p>L\u2019icona dei cannocchiali 5-25&#215;56<br \/>\nSenza pari ancora oggi \u2014 lo Schmidt &amp; Bender 5-25&#215;56 PM II \u00e8 uno dei cannocchiali pi\u00f9 apprezzati di Schmidt &amp; Bender.<\/p>\n<p>Da oltre 15 anni lo Schmidt &amp; Bender 5-25&#215;56 PM II \u00e8 parte integrante dell\u2019equipaggiamento di polizie, forze militari e unit\u00e0 speciali in tutto il mondo. Nel 2011 lo Schmidt &amp; Bender 5-25&#215;56 PM II ha vinto, per esempio, il prestigioso appalto USSOCOM \u201cPrecision Sniper Rifle\u201d. Ancora oggi lo Schmidt &amp; Bender 5-25&#215;56 PM II si impone nelle gare di appalto rispetto ai numerosi imitatori.<\/p>\n<p>Dal punto di vista ottico lo Schmidt &amp; Bender 5-25&#215;56 PM II \u00e8 lo standard di riferimento tra i cannocchiali 5-25&#215;56 da quasi due decenni. La parallasse \u00e8 regolabile con precisione a partire da 10 metri. Il design ad alte prestazioni dello Schmidt &amp; Bender 5-25&#215;56 PM II \u00e8 in continuo sviluppo. Il nuovo anello di regolazione dell\u2019ingrandimento \u00e8 realizzato in alluminio di alta qualit\u00e0 ed \u00e8 compatibile con il Throw Lever. L\u2019anello metallico dell\u2019oculare con filettatura interna \u00e8 predisposto per il montaggio di accessori, facilita la regolazione diottrica e permette l\u2019installazione delle coperture Tenebraex di pregio.<\/p>\n<p>Lo Schmidt &amp; Bender 5-25&#215;56 PM II consente l\u2019impiego dai tiri a medio fino a distanze estreme di pi\u00f9 chilometri, rendendolo adatto a missioni di precisione in ambito operativo.<\/p>\n<p>Reticoli disponibili (da confermare al momento dell\u2019ordine): P4FL, P5FL, (MSR2, TREMOR3 con sovraprezzo)<br \/>\nConfigurazione torrette: DT II + MTC LT\/ ST II ZC LT.<\/p>\n","protected":false},"featured_media":14236,"template":"","meta":[],"product_brand":[],"product_cat":[691,265,307,313],"product_tag":[],"class_list":{"0":"post-14256","1":"product","2":"type-product","3":"status-publish","4":"has-post-thumbnail","6":"product_cat-difesa","7":"product_cat-ottiche","8":"product_cat-ottiche-da-puntamento","9":"product_cat-cannocchiali","11":"first","12":"onbackorder","13":"shipping-taxable","14":"purchasable","15":"product-type-simple"},"_links":{"self":[{"href":"https:\/\/bullet24.pro\/it\/wp-json\/wp\/v2\/product\/14256","targetHints":{"allow":["GET"]}}],"collection":[{"href":"https:\/\/bullet24.pro\/it\/wp-json\/wp\/v2\/product"}],"about":[{"href":"https:\/\/bullet24.pro\/it\/wp-json\/wp\/v2\/types\/product"}],"wp:featuredmedia":[{"embeddable":true,"href":"https:\/\/bullet24.pro\/it\/wp-json\/wp\/v2\/media\/14236"}],"wp:attachment":[{"href":"https:\/\/bullet24.pro\/it\/wp-json\/wp\/v2\/media?parent=14256"}],"wp:term":[{"taxonomy":"product_brand","embeddable":true,"href":"https:\/\/bullet24.pro\/it\/wp-json\/wp\/v2\/product_brand?post=14256"},{"taxonomy":"product_cat","embeddable":true,"href":"https:\/\/bullet24.pro\/it\/wp-json\/wp\/v2\/product_cat?post=14256"},{"taxonomy":"product_tag","embeddable":true,"href":"https:\/\/bullet24.pro\/it\/wp-json\/wp\/v2\/product_tag?post=14256"}],"curies":[{"name":"wp","href":"https:\/\/api.w.org\/{rel}","templated":true}]}}