{"id":3315,"date":"2023-01-23T15:20:18","date_gmt":"2023-01-23T15:20:18","guid":{"rendered":"https:\/\/bullet24.pro\/?post_type=product&#038;p=3315"},"modified":"2024-10-08T12:29:15","modified_gmt":"2024-10-08T12:29:15","slug":"bt51-ace-bracket","status":"publish","type":"product","link":"https:\/\/bullet24.pro\/it\/product\/bt51-ace-bracket\/","title":{"rendered":"B&#038;T Industries &#8211; BT51: ACE Bracket"},"content":{"rendered":"","protected":false},"excerpt":{"rendered":"<p>La staffa B&amp;T Industries &#8211; BT51 ACE \u00e8 stata progettata per il popolare A.C.E. Skeleton Stock e fornisce i mezzi per attaccare un monopiede stile B&amp;T Industries &#8211; Accu-Shot PRM (BT12-QK, BT13-QK e BT31-QK).<br \/>\n\u00c8 lavorato in alluminio 6061-T6 Mil-Spec Tipo III anodizzato duro.<br \/>\nOltre alla slitta Picatinny per il PRM, il B&amp;T Industries &#8211; BT51 \u00e8 dotato di due fissaggi per la cinghia. La staffa in due pezzi \u00e8 fissata al tubo angolare ed \u00e8 tenuta in posizione con i quattro elementi di fissaggio SHCS forniti. Non \u00e8 necessaria alcuna modifica. \u00c8 necessaria una chiave esagonale da 5\/32 che NON \u00e8 inclusa.<br \/>\nDisponibile solo in nero.<\/p>\n<p>Peso: 83 g<\/p>\n","protected":false},"featured_media":3309,"template":"","meta":[],"product_brand":[],"product_cat":[246,273,276,279],"product_tag":[],"class_list":{"0":"post-3315","1":"product","2":"type-product","3":"status-publish","4":"has-post-thumbnail","6":"product_cat-accessori-per-tiro","7":"product_cat-bipiedi-e-monopiedi","8":"product_cat-accessori-bipiedi-e-monopiedi","9":"product_cat-per-monopiedi","11":"first","12":"instock","13":"shipping-taxable","14":"purchasable","15":"product-type-simple"},"_links":{"self":[{"href":"https:\/\/bullet24.pro\/it\/wp-json\/wp\/v2\/product\/3315","targetHints":{"allow":["GET"]}}],"collection":[{"href":"https:\/\/bullet24.pro\/it\/wp-json\/wp\/v2\/product"}],"about":[{"href":"https:\/\/bullet24.pro\/it\/wp-json\/wp\/v2\/types\/product"}],"wp:featuredmedia":[{"embeddable":true,"href":"https:\/\/bullet24.pro\/it\/wp-json\/wp\/v2\/media\/3309"}],"wp:attachment":[{"href":"https:\/\/bullet24.pro\/it\/wp-json\/wp\/v2\/media?parent=3315"}],"wp:term":[{"taxonomy":"product_brand","embeddable":true,"href":"https:\/\/bullet24.pro\/it\/wp-json\/wp\/v2\/product_brand?post=3315"},{"taxonomy":"product_cat","embeddable":true,"href":"https:\/\/bullet24.pro\/it\/wp-json\/wp\/v2\/product_cat?post=3315"},{"taxonomy":"product_tag","embeddable":true,"href":"https:\/\/bullet24.pro\/it\/wp-json\/wp\/v2\/product_tag?post=3315"}],"curies":[{"name":"wp","href":"https:\/\/api.w.org\/{rel}","templated":true}]}}