{"id":3389,"date":"2023-01-23T16:19:44","date_gmt":"2023-01-23T16:19:44","guid":{"rendered":"https:\/\/bullet24.pro\/?post_type=product&#038;p=3389"},"modified":"2024-10-08T12:33:57","modified_gmt":"2024-10-08T12:33:57","slug":"bt53-silo","status":"publish","type":"product","link":"https:\/\/bullet24.pro\/it\/product\/bt53-silo\/","title":{"rendered":"B&#038;T Industries &#8211; BT53: SILO"},"content":{"rendered":"","protected":false},"excerpt":{"rendered":"<p>Il B&amp;T Industries &#8211; BT53 SILO \u00e8 un prodotto innovativo e brevettato che si fissa tramite una guida Picatinny. \u00c8 dotato di una parte anteriore testurizzata che pu\u00f2 essere spinta contro le barricate, di barre laterali in gomma per una presa e una protezione laterale &#8220;morbida&#8221;, di un fondo in cordura 600 &#8220;a sacco&#8221; per un&#8217;interfaccia &#8220;morbida&#8221; su cornicioni, finestre ecc. e di due flush cups.<\/p>\n<p>Uno dei due flush cups \u00e8 progettato per accettare il nostro nuovo perno B&amp;T Industries &#8211; BT54 (NON incluso nell&#8217;acquisto di un B&amp;T Industries &#8211; BT53). Si tratta di un&#8217;opzione venduta separatamente che consente di installare, spostare e rimuovere facilmente il B&amp;T Industries &#8211; BT53 SILO con la semplice pressione di un pulsante.<\/p>\n<p>\u00c8 realizzato in alluminio 6061-T6 anodizzato Mil-Spec Tipo III.<\/p>\n<p>Lunghezza circa: 95.3 mm<br \/>\nLarghezza circa: 60 mm<br \/>\nAltezza circa: 45.2 mm<br \/>\nPeso: 222 g<\/p>\n","protected":false},"featured_media":3384,"template":"","meta":[],"product_brand":[],"product_cat":[246,273,276,277],"product_tag":[],"class_list":{"0":"post-3389","1":"product","2":"type-product","3":"status-publish","4":"has-post-thumbnail","6":"product_cat-accessori-per-tiro","7":"product_cat-bipiedi-e-monopiedi","8":"product_cat-accessori-bipiedi-e-monopiedi","9":"product_cat-hardware-it","11":"first","12":"instock","13":"shipping-taxable","14":"purchasable","15":"product-type-simple"},"_links":{"self":[{"href":"https:\/\/bullet24.pro\/it\/wp-json\/wp\/v2\/product\/3389","targetHints":{"allow":["GET"]}}],"collection":[{"href":"https:\/\/bullet24.pro\/it\/wp-json\/wp\/v2\/product"}],"about":[{"href":"https:\/\/bullet24.pro\/it\/wp-json\/wp\/v2\/types\/product"}],"wp:featuredmedia":[{"embeddable":true,"href":"https:\/\/bullet24.pro\/it\/wp-json\/wp\/v2\/media\/3384"}],"wp:attachment":[{"href":"https:\/\/bullet24.pro\/it\/wp-json\/wp\/v2\/media?parent=3389"}],"wp:term":[{"taxonomy":"product_brand","embeddable":true,"href":"https:\/\/bullet24.pro\/it\/wp-json\/wp\/v2\/product_brand?post=3389"},{"taxonomy":"product_cat","embeddable":true,"href":"https:\/\/bullet24.pro\/it\/wp-json\/wp\/v2\/product_cat?post=3389"},{"taxonomy":"product_tag","embeddable":true,"href":"https:\/\/bullet24.pro\/it\/wp-json\/wp\/v2\/product_tag?post=3389"}],"curies":[{"name":"wp","href":"https:\/\/api.w.org\/{rel}","templated":true}]}}