{"id":6631,"date":"2023-02-09T16:52:07","date_gmt":"2023-02-09T16:52:07","guid":{"rendered":"https:\/\/bullet24.pro\/?post_type=product&#038;p=6631"},"modified":"2024-03-06T13:14:27","modified_gmt":"2024-03-06T13:14:27","slug":"gpo-passion-ed-8x42-black","status":"publish","type":"product","link":"https:\/\/bullet24.pro\/it\/product\/gpo-passion-ed-8x42-black\/","title":{"rendered":"GPO PASSION\u2122 ED 8\u00d742 Black"},"content":{"rendered":"[vc_row type=&#8221;in_container&#8221; full_screen_row_position=&#8221;middle&#8221; column_margin=&#8221;default&#8221; column_direction=&#8221;default&#8221; column_direction_tablet=&#8221;default&#8221; column_direction_phone=&#8221;default&#8221; scene_position=&#8221;center&#8221; bottom_padding=&#8221;6%&#8221; text_color=&#8221;dark&#8221; text_align=&#8221;left&#8221; row_border_radius=&#8221;none&#8221; row_border_radius_applies=&#8221;bg&#8221; overflow=&#8221;visible&#8221; overlay_strength=&#8221;0.3&#8243; gradient_direction=&#8221;left_to_right&#8221; shape_divider_position=&#8221;bottom&#8221; bg_image_animation=&#8221;none&#8221; gradient_type=&#8221;default&#8221; shape_type=&#8221;&#8221;][vc_column column_padding=&#8221;no-extra-padding&#8221; column_padding_tablet=&#8221;inherit&#8221; column_padding_phone=&#8221;inherit&#8221; column_padding_position=&#8221;all&#8221; column_element_direction_desktop=&#8221;default&#8221; column_element_spacing=&#8221;default&#8221; desktop_text_alignment=&#8221;default&#8221; tablet_text_alignment=&#8221;default&#8221; phone_text_alignment=&#8221;default&#8221; background_color_opacity=&#8221;1&#8243; background_hover_color_opacity=&#8221;1&#8243; column_backdrop_filter=&#8221;none&#8221; column_shadow=&#8221;none&#8221; column_border_radius=&#8221;none&#8221; column_link_target=&#8221;_self&#8221; column_position=&#8221;default&#8221; gradient_direction=&#8221;left_to_right&#8221; overlay_strength=&#8221;0.3&#8243; width=&#8221;1\/1&#8243; tablet_width_inherit=&#8221;default&#8221; animation_type=&#8221;default&#8221; bg_image_animation=&#8221;none&#8221; border_type=&#8221;simple&#8221; column_border_width=&#8221;none&#8221; column_border_style=&#8221;solid&#8221;][vc_column_text]\n<table>\n<tbody>\n<tr>\n<td>Prism type<\/td>\n<td>.<\/td>\n<td>Schmidt-Pechan<\/td>\n<\/tr>\n<tr>\n<td>Magnification<\/td>\n<td>.<\/td>\n<td>8x<\/td>\n<\/tr>\n<tr>\n<td>Field of view (FOV) at 1.000y<\/td>\n<td>.<\/td>\n<td>428<\/td>\n<\/tr>\n<tr>\n<td>Field of view (FOV) at 1.000m<\/td>\n<td>.<\/td>\n<td>143<\/td>\n<\/tr>\n<tr>\n<td>Objective diameter (mm)<\/td>\n<td>Effective diameter<\/td>\n<td>42<\/td>\n<\/tr>\n<tr>\n<td>Ocular diameter (mm)<\/td>\n<td>Effective diameter<\/td>\n<td>23,7<\/td>\n<\/tr>\n<tr>\n<td>Exit pupil diameter (mm)<\/td>\n<td>Measurement of the pupilary ocular beam<\/td>\n<td>5,25<\/td>\n<\/tr>\n<tr>\n<td>Eye Relief (inches)<\/td>\n<td>From the last optical surface<\/td>\n<td>0,7<\/td>\n<\/tr>\n<tr>\n<td>Eye Relief (mm)<\/td>\n<td>From the last optical surface<\/td>\n<td>18<\/td>\n<\/tr>\n<tr>\n<td>Housing<\/td>\n<td>Main body and hinge<\/td>\n<td>magnesium<\/td>\n<\/tr>\n<tr>\n<td>Close focus (feet)<\/td>\n<td>Shortest focal distance<\/td>\n<td>5,9<\/td>\n<\/tr>\n<tr>\n<td>Close focus (meters)<\/td>\n<td>Shortest focal distance<\/td>\n<td>1,8<\/td>\n<\/tr>\n<tr>\n<td>Inter pupilary distance (IPD)<\/td>\n<td>Center pupil to center pupil measurement<\/td>\n<td>56 \u2013 75<\/td>\n<\/tr>\n<tr>\n<td>Dioptric compensation range<\/td>\n<td>.<\/td>\n<td>-2,5\/+2,5<\/td>\n<\/tr>\n<tr>\n<td>Waterproof<\/td>\n<td>Mbars \/cm<\/td>\n<td>100<\/td>\n<\/tr>\n<tr>\n<td>Transmission Daylight<\/td>\n<td>ISO 14490-5:2005<\/td>\n<td>90%<\/td>\n<\/tr>\n<tr>\n<td>Height (inches)<\/td>\n<td>Without covers<\/td>\n<td>2,26<\/td>\n<\/tr>\n<tr>\n<td>Height (mm)<\/td>\n<td>Without covers<\/td>\n<td>55<\/td>\n<\/tr>\n<tr>\n<td>Weight (ounces)<\/td>\n<td>Without covers<\/td>\n<td>26,1<\/td>\n<\/tr>\n<tr>\n<td>Weight (grams)<\/td>\n<td>Without covers<\/td>\n<td>740<\/td>\n<\/tr>\n<tr>\n<td>Lentgh (inches)<\/td>\n<td>At outside diameter<\/td>\n<td>5,4<\/td>\n<\/tr>\n<tr>\n<td>Lentgh (mm)<\/td>\n<td>At outside diameter<\/td>\n<td>138<\/td>\n<\/tr>\n<tr>\n<td>Width (inches)<\/td>\n<td>Fully extended<\/td>\n<td>5<\/td>\n<\/tr>\n<tr>\n<td>Width (mm)<\/td>\n<td>Fully extended<\/td>\n<td>127<\/td>\n<\/tr>\n<tr>\n<td>Accessories included with the purchase<\/td>\n<td>.<\/td>\n<td>instruction manual, cleaning cloth, hard<br \/>\ncase, neoprene neck strap, hard case<br \/>\nstrap, objective covers, ocular covers<\/td>\n<\/tr>\n<\/tbody>\n<\/table>\n[\/vc_column_text][\/vc_column][\/vc_row]\n","protected":false},"excerpt":{"rendered":"<p>I binocoli PASSION\u2122 ED 8x\/10x 42 offrono un ingresso perfetto nel mondo delle ottiche da osservazione di alta qualit\u00e0 con un rapporto prezzo-prestazioni imbattibile. Il design sottile ed ergonomico \u00e8 stato combinato con l&#8217;uso di materiali di alta qualit\u00e0. L&#8217;intero telaio \u00e8 realizzato in magnesio. Grazie alle lenti ED, ai rivestimenti multipli ed ai trattamenti super performanti, offrono un ampio campo visivo, un&#8217;elevata nitidezza da bordo a bordo e valori di trasmissione elevati, oltre a una messa a fuoco ravvicinata. La loro robustezza e le prestazioni ottiche li rendono unici nella loro categoria. Non troverete un binocolo con caratteristiche simili in questa fascia di prezzo. 10 anni di garanzia su meccanica e parte ottica.<\/p>\n","protected":false},"featured_media":0,"template":"","meta":[],"product_brand":[],"product_cat":[265,308,315],"product_tag":[],"class_list":{"0":"post-6631","1":"product","2":"type-product","3":"status-publish","5":"product_cat-ottiche","6":"product_cat-ottiche-da-osservazione","7":"product_cat-binocoli","9":"first","10":"onbackorder","11":"shipping-taxable","12":"purchasable","13":"product-type-simple"},"_links":{"self":[{"href":"https:\/\/bullet24.pro\/it\/wp-json\/wp\/v2\/product\/6631","targetHints":{"allow":["GET"]}}],"collection":[{"href":"https:\/\/bullet24.pro\/it\/wp-json\/wp\/v2\/product"}],"about":[{"href":"https:\/\/bullet24.pro\/it\/wp-json\/wp\/v2\/types\/product"}],"wp:attachment":[{"href":"https:\/\/bullet24.pro\/it\/wp-json\/wp\/v2\/media?parent=6631"}],"wp:term":[{"taxonomy":"product_brand","embeddable":true,"href":"https:\/\/bullet24.pro\/it\/wp-json\/wp\/v2\/product_brand?post=6631"},{"taxonomy":"product_cat","embeddable":true,"href":"https:\/\/bullet24.pro\/it\/wp-json\/wp\/v2\/product_cat?post=6631"},{"taxonomy":"product_tag","embeddable":true,"href":"https:\/\/bullet24.pro\/it\/wp-json\/wp\/v2\/product_tag?post=6631"}],"curies":[{"name":"wp","href":"https:\/\/api.w.org\/{rel}","templated":true}]}}