{"id":6748,"date":"2023-02-09T19:45:23","date_gmt":"2023-02-09T19:45:23","guid":{"rendered":"https:\/\/bullet24.pro\/?post_type=product&#038;p=6748"},"modified":"2025-08-06T17:45:32","modified_gmt":"2025-08-06T17:45:32","slug":"gpo-rangeguide-2800-8x32","status":"publish","type":"product","link":"https:\/\/bullet24.pro\/it\/product\/gpo-rangeguide-2800-8x32\/","title":{"rendered":"GPO RANGEGUIDE 2800 8\u00d732"},"content":{"rendered":"[vc_row type=&#8221;in_container&#8221; full_screen_row_position=&#8221;middle&#8221; column_margin=&#8221;default&#8221; column_direction=&#8221;default&#8221; column_direction_tablet=&#8221;default&#8221; column_direction_phone=&#8221;default&#8221; scene_position=&#8221;center&#8221; bottom_padding=&#8221;6%&#8221; text_color=&#8221;dark&#8221; text_align=&#8221;left&#8221; row_border_radius=&#8221;none&#8221; row_border_radius_applies=&#8221;bg&#8221; overflow=&#8221;visible&#8221; overlay_strength=&#8221;0.3&#8243; gradient_direction=&#8221;left_to_right&#8221; shape_divider_position=&#8221;bottom&#8221; bg_image_animation=&#8221;none&#8221; gradient_type=&#8221;default&#8221; shape_type=&#8221;&#8221;][vc_column column_padding=&#8221;no-extra-padding&#8221; column_padding_tablet=&#8221;inherit&#8221; column_padding_phone=&#8221;inherit&#8221; column_padding_position=&#8221;all&#8221; column_element_direction_desktop=&#8221;default&#8221; column_element_spacing=&#8221;default&#8221; desktop_text_alignment=&#8221;default&#8221; tablet_text_alignment=&#8221;default&#8221; phone_text_alignment=&#8221;default&#8221; background_color_opacity=&#8221;1&#8243; background_hover_color_opacity=&#8221;1&#8243; column_backdrop_filter=&#8221;none&#8221; column_shadow=&#8221;none&#8221; column_border_radius=&#8221;none&#8221; column_link_target=&#8221;_self&#8221; column_position=&#8221;default&#8221; gradient_direction=&#8221;left_to_right&#8221; overlay_strength=&#8221;0.3&#8243; width=&#8221;1\/1&#8243; tablet_width_inherit=&#8221;default&#8221; animation_type=&#8221;default&#8221; bg_image_animation=&#8221;none&#8221; border_type=&#8221;simple&#8221; column_border_width=&#8221;none&#8221; column_border_style=&#8221;solid&#8221;][vc_column_text]\n<table>\n<tbody>\n<tr>\n<td><em>Binocular Specifications<br \/>\n<\/em><\/td>\n<td><\/td>\n<\/tr>\n<tr>\n<td>Magnification<\/td>\n<td>8x<\/td>\n<\/tr>\n<tr>\n<td>Objective diameter<\/td>\n<td>32 mm<\/td>\n<\/tr>\n<tr>\n<td>Field of view (FOV) m at 1.000m<\/td>\n<td>135 m<\/td>\n<\/tr>\n<tr>\n<td>Exit pupil<\/td>\n<td>4 mm<\/td>\n<\/tr>\n<tr>\n<td>Interpupilary Distance (IPD)<\/td>\n<td>58 \u2013 78 mm<\/td>\n<\/tr>\n<tr>\n<td>Close Focus<\/td>\n<td>8 m<\/td>\n<\/tr>\n<tr>\n<td>Diopter adjustment (dpt.)<\/td>\n<td>+\/- 4<\/td>\n<\/tr>\n<tr>\n<td>Eye relief<\/td>\n<td>18 mm<\/td>\n<\/tr>\n<tr>\n<td><\/td>\n<td><\/td>\n<\/tr>\n<tr>\n<td><em>Laser Specifications<\/em><\/td>\n<td><\/td>\n<\/tr>\n<tr>\n<td>Range max. (reflective targets)<\/td>\n<td>2.800 m<\/td>\n<\/tr>\n<tr>\n<td>Range max. (tree)<\/td>\n<td>1.000 m<\/td>\n<\/tr>\n<tr>\n<td>Range max. (deer)<\/td>\n<td>700 m<\/td>\n<\/tr>\n<tr>\n<td>Min. Range<\/td>\n<td>6 m<\/td>\n<\/tr>\n<tr>\n<td>Laser respond time<\/td>\n<td>0,25 sek<\/td>\n<\/tr>\n<tr>\n<td><\/td>\n<td><\/td>\n<\/tr>\n<tr>\n<td><em>Features<\/em><\/td>\n<td><\/td>\n<\/tr>\n<tr>\n<td>True Range (Slope)<\/td>\n<td>Yes<\/td>\n<\/tr>\n<tr>\n<td>Angle<\/td>\n<td>Yes<\/td>\n<\/tr>\n<tr>\n<td>Scan Mode<\/td>\n<td>Yes<\/td>\n<\/tr>\n<tr>\n<td>Temperature<\/td>\n<td>Yes<\/td>\n<\/tr>\n<tr>\n<td>Humidity<\/td>\n<td>Yes<\/td>\n<\/tr>\n<tr>\n<td>Air pressure<\/td>\n<td>Yes<\/td>\n<\/tr>\n<tr>\n<td>Waterproof (Mbar \/ cm)<\/td>\n<td>100<\/td>\n<\/tr>\n<tr>\n<td>Brightness adjuster<\/td>\n<td>9 Level and automatic mode<\/td>\n<\/tr>\n<tr>\n<td>Weight (excl. Battery) in g<\/td>\n<td>700 g<\/td>\n<\/tr>\n<tr>\n<td><\/td>\n<td><\/td>\n<\/tr>\n<tr>\n<td><em>Display Specifications<\/em><\/td>\n<td><\/td>\n<\/tr>\n<tr>\n<td>Display<\/td>\n<td>OLED<\/td>\n<\/tr>\n<tr>\n<td>Displaycolor<\/td>\n<td>Red<\/td>\n<\/tr>\n<tr>\n<td><\/td>\n<td><\/td>\n<\/tr>\n<tr>\n<td>Accessories included in this purchase<\/td>\n<td>instruction manual, cleaning cloth, hard case, strap, neoprene neck strap, objective covers, ocular covers, battery CR2<\/td>\n<\/tr>\n<\/tbody>\n<\/table>\n[\/vc_column_text][\/vc_column][\/vc_row]\n","protected":false},"excerpt":{"rendered":"<p>Il GPO RANGEGUIDE\u2122 2800 8\u00d732 \u00e8 la logica e coerente espansione della nostra linea di telemetri di grande successo con il &#8220;fratello maggiore&#8221; 8\u00d750.<br \/>\nCon questi nuovi modelli x32, GPO segue il desiderio di molti clienti di poter avere un binotelemetro LEGGERO con un ottimo rapporto qualit\u00e0\/prezzo e stabilisce un nuovo standard di mercato in questo settore: sotto il design esterno di alta qualit\u00e0 c&#8217;\u00e8 un telaio in magnesio con ponte in magnesio. Il GPO RANGEGUIDE 2800 8\u00d732 pesa solo 700 g ed \u00e8 estremamente compatto. Il sistema di lenti HD ad alto rivestimento con display OLED rosso ha un campo visivo unico di 135 m (a 1000 m).<br \/>\nGrazie all&#8217;esperienza optoelettronica di GPO, siamo riusciti a renderlo ancora pi\u00f9 potente: come il suo fratello maggiore, misura bersagli a una distanza di 2,8 km, ha un inclinometro integrato ed \u00e8 estremamente veloce con 4 misurazioni al secondo. Oltre al controllo dell&#8217;illuminazione regolabile manualmente su 9 livelli, dispone anche di un controllo automatico dell&#8217;illuminazione (a seconda della luminosit\u00e0 ambientale). Non misura solo la temperatura, ma anche la pressione e l&#8217;umidit\u00e0 dell&#8217;aria.<br \/>\nLa dotazione completa comprende le coperture per l&#8217;oculare e l&#8217;obiettivo, una cinghia di trasporto in neoprene e una custodia rigida per un trasporto sicuro. 10 anni di garanzia su meccanica e parte ottica e 2 anni di garanzia sui componenti elettronici.<\/p>\n","protected":false},"featured_media":6737,"template":"","meta":[],"product_brand":[],"product_cat":[265,308,315,305],"product_tag":[],"class_list":{"0":"post-6748","1":"product","2":"type-product","3":"status-publish","4":"has-post-thumbnail","6":"product_cat-ottiche","7":"product_cat-ottiche-da-osservazione","8":"product_cat-binocoli","9":"product_cat-telemetri","11":"first","12":"onbackorder","13":"shipping-taxable","14":"purchasable","15":"product-type-simple"},"_links":{"self":[{"href":"https:\/\/bullet24.pro\/it\/wp-json\/wp\/v2\/product\/6748","targetHints":{"allow":["GET"]}}],"collection":[{"href":"https:\/\/bullet24.pro\/it\/wp-json\/wp\/v2\/product"}],"about":[{"href":"https:\/\/bullet24.pro\/it\/wp-json\/wp\/v2\/types\/product"}],"wp:featuredmedia":[{"embeddable":true,"href":"https:\/\/bullet24.pro\/it\/wp-json\/wp\/v2\/media\/6737"}],"wp:attachment":[{"href":"https:\/\/bullet24.pro\/it\/wp-json\/wp\/v2\/media?parent=6748"}],"wp:term":[{"taxonomy":"product_brand","embeddable":true,"href":"https:\/\/bullet24.pro\/it\/wp-json\/wp\/v2\/product_brand?post=6748"},{"taxonomy":"product_cat","embeddable":true,"href":"https:\/\/bullet24.pro\/it\/wp-json\/wp\/v2\/product_cat?post=6748"},{"taxonomy":"product_tag","embeddable":true,"href":"https:\/\/bullet24.pro\/it\/wp-json\/wp\/v2\/product_tag?post=6748"}],"curies":[{"name":"wp","href":"https:\/\/api.w.org\/{rel}","templated":true}]}}