{"id":6994,"date":"2023-02-10T09:28:16","date_gmt":"2023-02-10T09:28:16","guid":{"rendered":"https:\/\/bullet24.pro\/?post_type=product&#038;p=6994"},"modified":"2025-11-21T14:45:42","modified_gmt":"2025-11-21T14:45:42","slug":"gpo-spectra-8x-25-20x50i","status":"publish","type":"product","link":"https:\/\/bullet24.pro\/it\/product\/gpo-spectra-8x-25-20x50i\/","title":{"rendered":"GPO SPECTRA\u2122 8x 2,5-20x50i, ret. G4i Fiber"},"content":{"rendered":"[vc_row type=&#8221;in_container&#8221; full_screen_row_position=&#8221;middle&#8221; column_margin=&#8221;default&#8221; column_direction=&#8221;default&#8221; column_direction_tablet=&#8221;default&#8221; column_direction_phone=&#8221;default&#8221; scene_position=&#8221;center&#8221; bottom_padding=&#8221;6%&#8221; text_color=&#8221;dark&#8221; text_align=&#8221;left&#8221; row_border_radius=&#8221;none&#8221; row_border_radius_applies=&#8221;bg&#8221; overflow=&#8221;visible&#8221; overlay_strength=&#8221;0.3&#8243; gradient_direction=&#8221;left_to_right&#8221; shape_divider_position=&#8221;bottom&#8221; bg_image_animation=&#8221;none&#8221; gradient_type=&#8221;default&#8221; shape_type=&#8221;&#8221;][vc_column column_padding=&#8221;no-extra-padding&#8221; column_padding_tablet=&#8221;inherit&#8221; column_padding_phone=&#8221;inherit&#8221; column_padding_position=&#8221;all&#8221; column_element_direction_desktop=&#8221;default&#8221; column_element_spacing=&#8221;default&#8221; desktop_text_alignment=&#8221;default&#8221; tablet_text_alignment=&#8221;default&#8221; phone_text_alignment=&#8221;default&#8221; background_color_opacity=&#8221;1&#8243; background_hover_color_opacity=&#8221;1&#8243; column_backdrop_filter=&#8221;none&#8221; column_shadow=&#8221;none&#8221; column_border_radius=&#8221;none&#8221; column_link_target=&#8221;_self&#8221; column_position=&#8221;default&#8221; gradient_direction=&#8221;left_to_right&#8221; overlay_strength=&#8221;0.3&#8243; width=&#8221;1\/1&#8243; tablet_width_inherit=&#8221;default&#8221; animation_type=&#8221;default&#8221; bg_image_animation=&#8221;none&#8221; border_type=&#8221;simple&#8221; column_border_width=&#8221;none&#8221; column_border_style=&#8221;solid&#8221;][vc_column_text]\n<table>\n<tbody>\n<tr>\n<td>Magnification<\/td>\n<td>.<\/td>\n<td>2,5x \u2013 20x<\/td>\n<\/tr>\n<tr>\n<td>Field of view (FOV) m at 100m<\/td>\n<td>.<\/td>\n<td>15,5 \u2013 1,9<\/td>\n<\/tr>\n<tr>\n<td>Objective diameter (mm)<\/td>\n<td>Effective diameter<\/td>\n<td>50<\/td>\n<\/tr>\n<tr>\n<td>Exit pupil diameter (mm)<\/td>\n<td>Measurement of the pupilary ocular beam<\/td>\n<td>9 \u2013 2,5<\/td>\n<\/tr>\n<tr>\n<td>Eye Relief (inches)<\/td>\n<td>From the last optical surface<\/td>\n<td>3,54<\/td>\n<\/tr>\n<tr>\n<td>Eye Relief (mm)<\/td>\n<td>From the last optical surface<\/td>\n<td>90<\/td>\n<\/tr>\n<tr>\n<td>Travel value per click at 100m<\/td>\n<td>1 Click = x\/100m<\/td>\n<td>1<\/td>\n<\/tr>\n<tr>\n<td>Elevation range total (cm at 100m)<\/td>\n<td>100<\/td>\n<td>261<\/td>\n<\/tr>\n<tr>\n<td>Windage range total (cm at 100)<\/td>\n<td>100m<\/td>\n<td>261<\/td>\n<\/tr>\n<tr>\n<td>Parallax compensation<\/td>\n<td>Parallax free at x distance<\/td>\n<td>10 m \u2013 \u221e<\/td>\n<\/tr>\n<tr>\n<td>Transmission Daylight<\/td>\n<td>ISO 14490-5:2005<\/td>\n<td>87%<\/td>\n<\/tr>\n<tr>\n<td>Height (inches)<\/td>\n<td>Without covers<\/td>\n<td>2,3<\/td>\n<\/tr>\n<tr>\n<td>Height (mm)<\/td>\n<td>Without covers<\/td>\n<td>58,5<\/td>\n<\/tr>\n<tr>\n<td>Width (inches)<\/td>\n<td>Fully extended<\/td>\n<td>3,7<\/td>\n<\/tr>\n<tr>\n<td>Width (mm)<\/td>\n<td>Fully extended<\/td>\n<td>94<\/td>\n<\/tr>\n<tr>\n<td>Length (inches)<\/td>\n<td>At outside diameter<\/td>\n<td>14,05<\/td>\n<\/tr>\n<tr>\n<td>Length (mm)<\/td>\n<td>At outside diameter<\/td>\n<td>357<\/td>\n<\/tr>\n<tr>\n<td>Tube diamter (mm)<\/td>\n<td>Width of main tube<\/td>\n<td>30<\/td>\n<\/tr>\n<tr>\n<td>Weight (ounces)<\/td>\n<td>Without covers<\/td>\n<td>25,32<\/td>\n<\/tr>\n<tr>\n<td>Weight (grams)<\/td>\n<td>Without covers<\/td>\n<td>718<\/td>\n<\/tr>\n<tr>\n<td>Mechanical outer diameter (objective mm)<\/td>\n<td>Objective end of scope<\/td>\n<td>59<\/td>\n<\/tr>\n<tr>\n<td>Mechanical outer diameter (ocular mm)<\/td>\n<td>Ocular end of scope<\/td>\n<td>44,5<\/td>\n<\/tr>\n<tr>\n<td>Reticle Option<\/td>\n<td>.<\/td>\n<td>G4i (SFP)<\/td>\n<\/tr>\n<tr>\n<td>Accessories included with the purchase<\/td>\n<td>.<\/td>\n<td>instruction manual, cleaning cloth,<br \/>\nbikini scope cover, battery CR2032,<br \/>\nthrow lever<\/td>\n<\/tr>\n<\/tbody>\n<\/table>\n[\/vc_column_text][\/vc_column][\/vc_row]\n","protected":false},"excerpt":{"rendered":"<p>Il GPO SPECTRA\u2122 8x 2,5-20x50i \u00e8 il cannocchiale ideale per tutte le situazioni di caccia! Anche su questo modello \u00e8 possibile azzerare le torrette di elevazione e deriva senza l&#8217;ausilio di attrezzi, \u00e8 inoltre dotato di una leva di regolazione rapida dello zoom e di un reticolo in fibra estremamente fine (Made in Germany). Il controllo dell&#8217; illuminazione \u00e8 regolabile in continuo e permette di adattarla velocemente alle condizioni ambientali. L&#8217;illuminazione del reticolo GPO iControl\u2122 si spegne automaticamente dopo 3 ore e indica quando la batteria \u00e8 ancora al 15%. Il GPO SPECTRA\u2122 8x 2,5-20x50i dispone di una compensazione della parallasse da 10 m &#8211; \u221e. La regolazione dell&#8217;illuminazione e della parallasse sono combinate nella torretta laterale. Garanzia di 10 anni su meccanica e ottica.<\/p>\n","protected":false},"featured_media":6986,"template":"","meta":[],"product_brand":[],"product_cat":[685,265,307,313],"product_tag":[],"class_list":{"0":"post-6994","1":"product","2":"type-product","3":"status-publish","4":"has-post-thumbnail","6":"product_cat-caccia","7":"product_cat-ottiche","8":"product_cat-ottiche-da-puntamento","9":"product_cat-cannocchiali","11":"first","12":"onbackorder","13":"shipping-taxable","14":"purchasable","15":"product-type-simple"},"_links":{"self":[{"href":"https:\/\/bullet24.pro\/it\/wp-json\/wp\/v2\/product\/6994","targetHints":{"allow":["GET"]}}],"collection":[{"href":"https:\/\/bullet24.pro\/it\/wp-json\/wp\/v2\/product"}],"about":[{"href":"https:\/\/bullet24.pro\/it\/wp-json\/wp\/v2\/types\/product"}],"wp:featuredmedia":[{"embeddable":true,"href":"https:\/\/bullet24.pro\/it\/wp-json\/wp\/v2\/media\/6986"}],"wp:attachment":[{"href":"https:\/\/bullet24.pro\/it\/wp-json\/wp\/v2\/media?parent=6994"}],"wp:term":[{"taxonomy":"product_brand","embeddable":true,"href":"https:\/\/bullet24.pro\/it\/wp-json\/wp\/v2\/product_brand?post=6994"},{"taxonomy":"product_cat","embeddable":true,"href":"https:\/\/bullet24.pro\/it\/wp-json\/wp\/v2\/product_cat?post=6994"},{"taxonomy":"product_tag","embeddable":true,"href":"https:\/\/bullet24.pro\/it\/wp-json\/wp\/v2\/product_tag?post=6994"}],"curies":[{"name":"wp","href":"https:\/\/api.w.org\/{rel}","templated":true}]}}