{"id":7200,"date":"2023-02-15T16:49:46","date_gmt":"2023-02-15T16:49:46","guid":{"rendered":"https:\/\/bullet24.pro\/?post_type=product&#038;p=7200"},"modified":"2024-10-07T14:16:31","modified_gmt":"2024-10-07T14:16:31","slug":"javelin-lite-bipod-standard","status":"publish","type":"product","link":"https:\/\/bullet24.pro\/it\/product\/javelin-lite-bipod-standard\/","title":{"rendered":"Spartan Precision JAVELIN LITE BIPOD\u00ae STANDARD"},"content":{"rendered":"[vc_row type=&#8221;in_container&#8221; full_screen_row_position=&#8221;middle&#8221; column_margin=&#8221;default&#8221; column_direction=&#8221;default&#8221; column_direction_tablet=&#8221;default&#8221; column_direction_phone=&#8221;default&#8221; scene_position=&#8221;center&#8221; bottom_padding=&#8221;6%&#8221; text_color=&#8221;dark&#8221; text_align=&#8221;left&#8221; row_border_radius=&#8221;none&#8221; row_border_radius_applies=&#8221;bg&#8221; overflow=&#8221;visible&#8221; overlay_strength=&#8221;0.3&#8243; gradient_direction=&#8221;left_to_right&#8221; shape_divider_position=&#8221;bottom&#8221; bg_image_animation=&#8221;none&#8221; gradient_type=&#8221;default&#8221; shape_type=&#8221;&#8221;][vc_column column_padding=&#8221;no-extra-padding&#8221; column_padding_tablet=&#8221;inherit&#8221; column_padding_phone=&#8221;inherit&#8221; column_padding_position=&#8221;all&#8221; column_element_direction_desktop=&#8221;default&#8221; column_element_spacing=&#8221;default&#8221; desktop_text_alignment=&#8221;default&#8221; tablet_text_alignment=&#8221;default&#8221; phone_text_alignment=&#8221;default&#8221; background_color_opacity=&#8221;1&#8243; background_hover_color_opacity=&#8221;1&#8243; column_backdrop_filter=&#8221;none&#8221; column_shadow=&#8221;none&#8221; column_border_radius=&#8221;none&#8221; column_link_target=&#8221;_self&#8221; column_position=&#8221;default&#8221; gradient_direction=&#8221;left_to_right&#8221; overlay_strength=&#8221;0.3&#8243; width=&#8221;1\/1&#8243; tablet_width_inherit=&#8221;default&#8221; animation_type=&#8221;default&#8221; bg_image_animation=&#8221;none&#8221; border_type=&#8221;simple&#8221; column_border_width=&#8221;none&#8221; column_border_style=&#8221;solid&#8221;][vc_column_text]\n<table style=\"width: 90.411%;\">\n<tbody>\n<tr style=\"height: 1px;\">\n<td style=\"width: 22%; height: 1px;\"><\/td>\n<td style=\"width: 22%; height: 1px;\"><strong>Mini<\/strong><\/td>\n<td style=\"width: 45.9485%; height: 1px;\"><strong>Standard<\/strong><\/td>\n<td style=\"width: 66%; height: 1px;\"><strong>Long<\/strong><\/td>\n<\/tr>\n<tr style=\"height: 17px;\">\n<td style=\"width: 22%; height: 17px;\"><strong>Attachment<\/strong><\/td>\n<td style=\"width: 22%; height: 17px;\">Spartan Classic Adapters<\/td>\n<td style=\"width: 45.9485%; height: 17px;\">Spartan Classic Adapters<\/td>\n<td style=\"width: 66%; height: 17px;\">Spartan Classic Adapters<\/td>\n<\/tr>\n<tr style=\"height: 17px;\">\n<td style=\"width: 22%; height: 17px;\"><strong>Weight<\/strong><\/td>\n<td style=\"width: 22%; height: 17px;\"><strong>130g \/ 4.6oz<\/strong><\/td>\n<td style=\"width: 45.9485%; height: 17px;\"><span style=\"font-weight: 400;\">135g \/ 4.8oz<\/span><\/td>\n<td style=\"width: 66%; height: 17px;\"><span style=\"font-weight: 400;\">140g \/ 5oz<\/span><\/td>\n<\/tr>\n<tr style=\"height: 17px;\">\n<td style=\"width: 22%; height: 17px;\"><strong>Cant<\/strong><\/td>\n<td style=\"width: 22%; height: 17px;\"><strong>15\u00b0 left and right<\/strong><\/td>\n<td style=\"width: 45.9485%; height: 17px;\"><span style=\"font-weight: 400;\">15\u00b0 left and right<\/span><\/td>\n<td style=\"width: 66%; height: 17px;\"><span style=\"font-weight: 400;\">15\u00b0 left and right<\/span><\/td>\n<\/tr>\n<tr style=\"height: 17px;\">\n<td style=\"width: 22%; height: 17px;\"><strong>Pan<\/strong><\/td>\n<td style=\"width: 22%; height: 17px;\">30\u00b0 left and right<\/td>\n<td style=\"width: 45.9485%; height: 17px;\"><span style=\"font-weight: 400;\">30\u00b0 left and right<\/span><\/td>\n<td style=\"width: 66%; height: 17px;\"><span style=\"font-weight: 400;\">30\u00b0 left and right<\/span><\/td>\n<\/tr>\n<tr style=\"height: 17px;\">\n<td style=\"width: 22%; height: 17px;\"><strong>Ground Clearance<\/strong><\/td>\n<td style=\"width: 22%; height: 17px;\"><strong>13cm \/ 5.1\u201d<\/strong><\/td>\n<td style=\"width: 45.9485%; height: 17px;\">18.5cm \/ 7.2\u201d<\/td>\n<td style=\"width: 66%; height: 17px;\"><span style=\"font-weight: 400;\">22cm \/ 8.7\u201d<\/span><\/td>\n<\/tr>\n<\/tbody>\n<\/table>\n[\/vc_column_text][\/vc_column][\/vc_row]\n","protected":false},"excerpt":{"rendered":"<p>Con un peso di circa 140g, il compatto Spartan Precision Javelin Lite \u00e8 il nostro bipiede pi\u00f9 leggero. Si aggancia in pochi secondi con il sistema di aggancio magnetico Spartan Precision ed \u00e8 ideale per i cacciatori che devono percorrere lunghe distanze su terreni montuosi o boscosi. Il bipiede Spartan Precision Javelin Lite \u00e8 dotato di stabili gambe ad altezza fissa disponibili in tre lunghezze, che consentono di seguire bersagli in movimento e di adattarsi a terreni irregolari.<br \/>\nGambe fisse per semplicit\u00e0 e leggerezza.<br \/>\nSeguire i bersagli con la funzione di traslazione o utilizzare la modalit\u00e0 bersaglio bloccato.<br \/>\nRegolazione dell&#8217;inclinazione per terreni irregolari.<br \/>\nIl design modulare consente di utilizzare una specifica serie di gambe per diverse posizioni di tiro e terreni.<br \/>\nPunte durevoli in carburo di tungsteno con stivali sintetici legati per migliorare la presa su qualsiasi terreno.<br \/>\nRealizzato in alluminio 7075 anodizzato duro e fibra di carbonio di alta qualit\u00e0 per garantire leggerezza, resistenza alla corrosione e forza.<br \/>\nCompatibile con l&#8217;intera gamma di adattatori Spartan Precision Classic.<br \/>\nViene fornito con un adattatore Spartan Precision Classic che consente di collegare il bipiede alla maggior parte dei fucili da caccia convenzionali.<\/p>\n","protected":false},"featured_media":7197,"template":"","meta":[],"product_brand":[],"product_cat":[246,273,274],"product_tag":[],"class_list":{"0":"post-7200","1":"product","2":"type-product","3":"status-publish","4":"has-post-thumbnail","6":"product_cat-accessori-per-tiro","7":"product_cat-bipiedi-e-monopiedi","8":"product_cat-bipiedi","10":"first","11":"onbackorder","12":"shipping-taxable","13":"purchasable","14":"product-type-simple"},"_links":{"self":[{"href":"https:\/\/bullet24.pro\/it\/wp-json\/wp\/v2\/product\/7200","targetHints":{"allow":["GET"]}}],"collection":[{"href":"https:\/\/bullet24.pro\/it\/wp-json\/wp\/v2\/product"}],"about":[{"href":"https:\/\/bullet24.pro\/it\/wp-json\/wp\/v2\/types\/product"}],"wp:featuredmedia":[{"embeddable":true,"href":"https:\/\/bullet24.pro\/it\/wp-json\/wp\/v2\/media\/7197"}],"wp:attachment":[{"href":"https:\/\/bullet24.pro\/it\/wp-json\/wp\/v2\/media?parent=7200"}],"wp:term":[{"taxonomy":"product_brand","embeddable":true,"href":"https:\/\/bullet24.pro\/it\/wp-json\/wp\/v2\/product_brand?post=7200"},{"taxonomy":"product_cat","embeddable":true,"href":"https:\/\/bullet24.pro\/it\/wp-json\/wp\/v2\/product_cat?post=7200"},{"taxonomy":"product_tag","embeddable":true,"href":"https:\/\/bullet24.pro\/it\/wp-json\/wp\/v2\/product_tag?post=7200"}],"curies":[{"name":"wp","href":"https:\/\/api.w.org\/{rel}","templated":true}]}}