{"id":7857,"date":"2023-02-17T13:04:21","date_gmt":"2023-02-17T13:04:21","guid":{"rendered":"https:\/\/bullet24.pro\/?post_type=product&#038;p=7857"},"modified":"2025-11-16T16:33:12","modified_gmt":"2025-11-16T16:33:12","slug":"victorinox-hunter-pro-black","status":"publish","type":"product","link":"https:\/\/bullet24.pro\/it\/product\/victorinox-hunter-pro-black\/","title":{"rendered":"VICTORINOX HUNTER PRO BLACK"},"content":{"rendered":"","protected":false},"excerpt":{"rendered":"<p>Coltello tascabile grande con lama bloccabile<br \/>\nAbbiamo sviluppato il coltello tascabile Hunter Pro appositamente per i cacciatori che desiderano un coltello pieghevole di qualit\u00e0 superiore. La lama grande \u00e8 incredibilmente robusta e apribile con una sola mano, mentre la forma ergonomica rende la presa molto stabile. Fa bella mostra di s\u00e9 nella custodia da cintura in nylon abbinata, ma \u00e8 ancora pi\u00f9 bello quando \u00e8 in mano a svolgere il proprio lavoro. Altezza 16 mm, lunghezza 136 mm, peso 162 g.<\/p>\n","protected":false},"featured_media":7855,"template":"","meta":[],"product_brand":[],"product_cat":[267,335,337],"product_tag":[],"class_list":{"0":"post-7857","1":"product","2":"type-product","3":"status-publish","4":"has-post-thumbnail","6":"product_cat-coltelli","7":"product_cat-pieghevoli","8":"product_cat-apertura-a-una-mano","10":"first","11":"instock","12":"shipping-taxable","13":"purchasable","14":"product-type-simple"},"_links":{"self":[{"href":"https:\/\/bullet24.pro\/it\/wp-json\/wp\/v2\/product\/7857","targetHints":{"allow":["GET"]}}],"collection":[{"href":"https:\/\/bullet24.pro\/it\/wp-json\/wp\/v2\/product"}],"about":[{"href":"https:\/\/bullet24.pro\/it\/wp-json\/wp\/v2\/types\/product"}],"wp:featuredmedia":[{"embeddable":true,"href":"https:\/\/bullet24.pro\/it\/wp-json\/wp\/v2\/media\/7855"}],"wp:attachment":[{"href":"https:\/\/bullet24.pro\/it\/wp-json\/wp\/v2\/media?parent=7857"}],"wp:term":[{"taxonomy":"product_brand","embeddable":true,"href":"https:\/\/bullet24.pro\/it\/wp-json\/wp\/v2\/product_brand?post=7857"},{"taxonomy":"product_cat","embeddable":true,"href":"https:\/\/bullet24.pro\/it\/wp-json\/wp\/v2\/product_cat?post=7857"},{"taxonomy":"product_tag","embeddable":true,"href":"https:\/\/bullet24.pro\/it\/wp-json\/wp\/v2\/product_tag?post=7857"}],"curies":[{"name":"wp","href":"https:\/\/api.w.org\/{rel}","templated":true}]}}