{"id":9440,"date":"2023-08-03T13:12:16","date_gmt":"2023-08-03T13:12:16","guid":{"rendered":"https:\/\/bullet24.pro\/?post_type=product&#038;p=9440"},"modified":"2023-08-03T13:14:48","modified_gmt":"2023-08-03T13:14:48","slug":"sightmark-arrow-boresight","status":"publish","type":"product","link":"https:\/\/bullet24.pro\/it\/product\/sightmark-arrow-boresight\/","title":{"rendered":"Sightmark Arrow boresight"},"content":{"rendered":"","protected":false},"excerpt":{"rendered":"<p>Questo esclusivo collimatore fornisce il metodo pi\u00f9 comodo e preciso per la taratura di archi e balestre. \u00c8 sufficiente avvitarlo alla punta di una freccia e un punto laser mostrer\u00e0 esattamente il punto di mira dell&#8217;arco o della balestra. Include una custodia per il trasporto, tre batterie AG5 e le istruzioni.<\/p>\n","protected":false},"featured_media":9438,"template":"","meta":[],"product_brand":[],"product_cat":[246,269],"product_tag":[],"class_list":{"0":"post-9440","1":"product","2":"type-product","3":"status-publish","4":"has-post-thumbnail","6":"product_cat-accessori-per-tiro","7":"product_cat-diversi","9":"first","10":"instock","11":"shipping-taxable","12":"purchasable","13":"product-type-simple"},"_links":{"self":[{"href":"https:\/\/bullet24.pro\/it\/wp-json\/wp\/v2\/product\/9440","targetHints":{"allow":["GET"]}}],"collection":[{"href":"https:\/\/bullet24.pro\/it\/wp-json\/wp\/v2\/product"}],"about":[{"href":"https:\/\/bullet24.pro\/it\/wp-json\/wp\/v2\/types\/product"}],"wp:featuredmedia":[{"embeddable":true,"href":"https:\/\/bullet24.pro\/it\/wp-json\/wp\/v2\/media\/9438"}],"wp:attachment":[{"href":"https:\/\/bullet24.pro\/it\/wp-json\/wp\/v2\/media?parent=9440"}],"wp:term":[{"taxonomy":"product_brand","embeddable":true,"href":"https:\/\/bullet24.pro\/it\/wp-json\/wp\/v2\/product_brand?post=9440"},{"taxonomy":"product_cat","embeddable":true,"href":"https:\/\/bullet24.pro\/it\/wp-json\/wp\/v2\/product_cat?post=9440"},{"taxonomy":"product_tag","embeddable":true,"href":"https:\/\/bullet24.pro\/it\/wp-json\/wp\/v2\/product_tag?post=9440"}],"curies":[{"name":"wp","href":"https:\/\/api.w.org\/{rel}","templated":true}]}}