{"id":9510,"date":"2023-08-03T17:16:02","date_gmt":"2023-08-03T17:16:02","guid":{"rendered":"https:\/\/bullet24.pro\/?post_type=product&#038;p=9510"},"modified":"2023-08-03T17:19:15","modified_gmt":"2023-08-03T17:19:15","slug":"morakniv-companion-heavy-duty-f","status":"publish","type":"product","link":"https:\/\/bullet24.pro\/it\/product\/morakniv-companion-heavy-duty-f\/","title":{"rendered":"MORAKNIV Companion Heavy Duty F"},"content":{"rendered":"","protected":false},"excerpt":{"rendered":"<p>Il Morakniv Companion Heavy Duty F Carbon \u00e8 uno dei coltelli fissi pi\u00f9 pesanti della nota serie Companion. Lo si riconosce dalla lama pi\u00f9 spessa e dal manico pi\u00f9 grande. Il tagliente \u00e8 affilato in modo scandinavo; questa affilatura viene effettuata con un angolo maggiore, il che significa che il tagliente rimane affilato pi\u00f9 a lungo.<\/p>\n","protected":false},"featured_media":9508,"template":"","meta":[],"product_brand":[],"product_cat":[267,334],"product_tag":[],"class_list":{"0":"post-9510","1":"product","2":"type-product","3":"status-publish","4":"has-post-thumbnail","6":"product_cat-coltelli","7":"product_cat-fissi","9":"first","10":"instock","11":"shipping-taxable","12":"purchasable","13":"product-type-simple"},"_links":{"self":[{"href":"https:\/\/bullet24.pro\/it\/wp-json\/wp\/v2\/product\/9510","targetHints":{"allow":["GET"]}}],"collection":[{"href":"https:\/\/bullet24.pro\/it\/wp-json\/wp\/v2\/product"}],"about":[{"href":"https:\/\/bullet24.pro\/it\/wp-json\/wp\/v2\/types\/product"}],"wp:featuredmedia":[{"embeddable":true,"href":"https:\/\/bullet24.pro\/it\/wp-json\/wp\/v2\/media\/9508"}],"wp:attachment":[{"href":"https:\/\/bullet24.pro\/it\/wp-json\/wp\/v2\/media?parent=9510"}],"wp:term":[{"taxonomy":"product_brand","embeddable":true,"href":"https:\/\/bullet24.pro\/it\/wp-json\/wp\/v2\/product_brand?post=9510"},{"taxonomy":"product_cat","embeddable":true,"href":"https:\/\/bullet24.pro\/it\/wp-json\/wp\/v2\/product_cat?post=9510"},{"taxonomy":"product_tag","embeddable":true,"href":"https:\/\/bullet24.pro\/it\/wp-json\/wp\/v2\/product_tag?post=9510"}],"curies":[{"name":"wp","href":"https:\/\/api.w.org\/{rel}","templated":true}]}}