{"id":9758,"date":"2023-08-12T13:22:02","date_gmt":"2023-08-12T13:22:02","guid":{"rendered":"https:\/\/bullet24.pro\/?post_type=product&#038;p=9758"},"modified":"2023-08-12T13:25:15","modified_gmt":"2023-08-12T13:25:15","slug":"red-rock-cobra-big-brown","status":"publish","type":"product","link":"https:\/\/bullet24.pro\/it\/product\/red-rock-cobra-big-brown\/","title":{"rendered":"RED ROCK Cobra Big Brown"},"content":{"rendered":"","protected":false},"excerpt":{"rendered":"<p>Questo modello \u00e8 particolarmente adatto per le attivit\u00e0 sportive al crepuscolo e di notte. <strong>Swiss made Ci affidiamo alla migliore qualit\u00e0 svizzera<\/strong>. Ecco perch\u00e9 i nostri occhiali sono fatti al 100% di policarbonato, un materiale che ha eccellenti propriet\u00e0 ottiche ed \u00e8 estremamente resistente alla rottura. Protezione UV al 100% Gli occhiali forniscono una protezione ottimale per gli occhi con UV400, anche in caso di forte luce solare. Design aerodinamico ottimizzato Il design sofisticato degli occhiali non lascia passare il vento &#8211; che si tratti di moto, bici, go-kart, sci o slitta per cani, il Red Rock Cobra tiene il vento lontano dal tuo viso. Vestibilit\u00e0 perfetta Le aste di forma dinamica si adattano in modo flessibile alla forma della testa in modo che gli occhiali si adattino perfettamente, anche sotto un casco. Ultraleggero Con un peso di soli 22 g.<\/p>\n","protected":false},"featured_media":9750,"template":"","meta":[],"product_brand":[],"product_cat":[246,271],"product_tag":[],"class_list":{"0":"post-9758","1":"product","2":"type-product","3":"status-publish","4":"has-post-thumbnail","6":"product_cat-accessori-per-tiro","7":"product_cat-occhiali","9":"first","10":"instock","11":"sale","12":"shipping-taxable","13":"purchasable","14":"product-type-simple"},"_links":{"self":[{"href":"https:\/\/bullet24.pro\/it\/wp-json\/wp\/v2\/product\/9758","targetHints":{"allow":["GET"]}}],"collection":[{"href":"https:\/\/bullet24.pro\/it\/wp-json\/wp\/v2\/product"}],"about":[{"href":"https:\/\/bullet24.pro\/it\/wp-json\/wp\/v2\/types\/product"}],"wp:featuredmedia":[{"embeddable":true,"href":"https:\/\/bullet24.pro\/it\/wp-json\/wp\/v2\/media\/9750"}],"wp:attachment":[{"href":"https:\/\/bullet24.pro\/it\/wp-json\/wp\/v2\/media?parent=9758"}],"wp:term":[{"taxonomy":"product_brand","embeddable":true,"href":"https:\/\/bullet24.pro\/it\/wp-json\/wp\/v2\/product_brand?post=9758"},{"taxonomy":"product_cat","embeddable":true,"href":"https:\/\/bullet24.pro\/it\/wp-json\/wp\/v2\/product_cat?post=9758"},{"taxonomy":"product_tag","embeddable":true,"href":"https:\/\/bullet24.pro\/it\/wp-json\/wp\/v2\/product_tag?post=9758"}],"curies":[{"name":"wp","href":"https:\/\/api.w.org\/{rel}","templated":true}]}}