{"id":9846,"date":"2023-08-12T15:05:38","date_gmt":"2023-08-12T15:05:38","guid":{"rendered":"https:\/\/bullet24.pro\/?post_type=product&#038;p=9846"},"modified":"2023-08-12T15:08:24","modified_gmt":"2023-08-12T15:08:24","slug":"ballistol-brunitore-a-freddo","status":"publish","type":"product","link":"https:\/\/bullet24.pro\/it\/product\/ballistol-brunitore-a-freddo\/","title":{"rendered":"BALLISTOL brunitore a freddo"},"content":{"rendered":"","protected":false},"excerpt":{"rendered":"<p>Le armi deteriorate tornano ad essere come nuove. I noiosi processi di immersione e colorazione appartengono al passato. Schnellbr\u00fcnierung fa risparmiare tempo e denaro! Si procede in questo modo: l&#8217;arma deve essere sgrassata accuratamente (ad esempio con Robla Cold Degreaser). Quindi applicare Schnellbr\u00fcnierung con un contagocce o un pennello sulle parti da brunire (si noti che Schnellbr\u00fcnierung non funziona su acciai contenenti pi\u00f9 del 3% di cromo). Lasciare agire per circa 3 minuti fino alla formazione di una copertura giallo-biancastra. Quindi lavare con acqua, asciugare tamponando con un panno morbido e spruzzare BALLISTOL o Gunex-2000. Pronto! Schnellbr\u00fcnierung garantisce una doratura permanente e resistente all&#8217;usura.<\/p>\n","protected":false},"featured_media":9844,"template":"","meta":[],"product_brand":[],"product_cat":[242,318],"product_tag":[],"class_list":{"0":"post-9846","1":"product","2":"type-product","3":"status-publish","4":"has-post-thumbnail","6":"product_cat-pulizia-e-manutenzione","7":"product_cat-brunitori","9":"first","10":"instock","11":"shipping-taxable","12":"purchasable","13":"product-type-simple"},"_links":{"self":[{"href":"https:\/\/bullet24.pro\/it\/wp-json\/wp\/v2\/product\/9846","targetHints":{"allow":["GET"]}}],"collection":[{"href":"https:\/\/bullet24.pro\/it\/wp-json\/wp\/v2\/product"}],"about":[{"href":"https:\/\/bullet24.pro\/it\/wp-json\/wp\/v2\/types\/product"}],"wp:featuredmedia":[{"embeddable":true,"href":"https:\/\/bullet24.pro\/it\/wp-json\/wp\/v2\/media\/9844"}],"wp:attachment":[{"href":"https:\/\/bullet24.pro\/it\/wp-json\/wp\/v2\/media?parent=9846"}],"wp:term":[{"taxonomy":"product_brand","embeddable":true,"href":"https:\/\/bullet24.pro\/it\/wp-json\/wp\/v2\/product_brand?post=9846"},{"taxonomy":"product_cat","embeddable":true,"href":"https:\/\/bullet24.pro\/it\/wp-json\/wp\/v2\/product_cat?post=9846"},{"taxonomy":"product_tag","embeddable":true,"href":"https:\/\/bullet24.pro\/it\/wp-json\/wp\/v2\/product_tag?post=9846"}],"curies":[{"name":"wp","href":"https:\/\/api.w.org\/{rel}","templated":true}]}}